{"id":3005,"date":"2020-01-09T13:22:29","date_gmt":"2020-01-09T13:22:29","guid":{"rendered":"http:\/\/missioncontrols.com\/ueber\/"},"modified":"2020-05-06T10:09:51","modified_gmt":"2020-05-06T10:09:51","slug":"ueber","status":"publish","type":"page","link":"https:\/\/missioncontrols.com\/de\/ueber\/","title":{"rendered":"\u00dcber"},"content":{"rendered":"<h1>\n\t<\/h1>\n\t<h3>WER IST MISSION CONTROLS\u00ae?<\/h3>\n<p>Mission Controls\u00ae kann auf \u00fcber zwei\u00a0Jahrzehnte an professioneller Erfahrung im Bereich der Klimakontrolle im Gartenbau zur\u00fcckblicken. Wir stellen Produkte her, die den rauen Bedingungen von Gew\u00e4chsh\u00e4usern standhalten, und verf\u00fcgen \u00fcber Systeme und Prozesse, die weltweit zum Einsatz kommen. Egal, wie gro\u00df Ihr Betrieb auch sein mag: Mission Controls\u00ae hat die passende L\u00f6sung f\u00fcr Sie.<\/p>\n<h3>WAS ZEICHNET UNS AUS?<\/h3>\n<p>Mission Controls\u00ae ist sich bewusst, dass unsere Benutzer in dieser schnelllebigen und umk\u00e4mpften Branche die aktuellsten und effektivsten Steuerungssysteme ben\u00f6tigen, um ihre gesteckten Produktionsziele zu erreichen. Damit wir dies verwirklichen k\u00f6nnen, arbeiten wir mit unseren Kunden in den Bereichen Ideenfindung, Design und Kontrolle zusammen, um sicherzustellen, dass unsere Produkte tats\u00e4chlich die Anforderungen unserer Benutzer erf\u00fcllen. Bitte wenden Sie sich an uns, wenn Sie Anmerkungen oder Anregungen zu unseren Produkten haben.<\/p>","protected":false},"excerpt":{"rendered":"<p>WER IST MISSION CONTROLS\u00ae? Mission Controls\u00ae kann auf \u00fcber zwei\u00a0Jahrzehnte an professioneller Erfahrung im Bereich der Klimakontrolle im Gartenbau zur\u00fcckblicken. Wir stellen Produkte her, die den rauen Bedingungen von Gew\u00e4chsh\u00e4usern standhalten, und verf\u00fcgen \u00fcber Systeme und Prozesse, die weltweit zum Einsatz kommen. Egal, wie gro\u00df Ihr Betrieb auch sein mag: Mission Controls\u00ae hat die passende&hellip;<\/p>\n","protected":false},"author":1,"featured_media":0,"parent":0,"menu_order":83,"comment_status":"closed","ping_status":"closed","template":"","meta":{"_acf_changed":false,"footnotes":""},"class_list":["post-3005","page","type-page","status-publish","hentry"],"acf":[],"yoast_head":"<!-- This site is optimized with the Yoast SEO plugin v26.4 - https:\/\/yoast.com\/wordpress\/plugins\/seo\/ -->\n<title>\u00dcber - Mission Controls<\/title>\n<meta name=\"robots\" content=\"index, follow, max-snippet:-1, max-image-preview:large, max-video-preview:-1\" \/>\n<link rel=\"canonical\" href=\"https:\/\/missioncontrols.com\/de\/ueber\/\" \/>\n<meta property=\"og:locale\" content=\"de_DE\" \/>\n<meta property=\"og:type\" content=\"article\" \/>\n<meta property=\"og:title\" content=\"\u00dcber - Mission Controls\" \/>\n<meta property=\"og:description\" content=\"WER IST MISSION CONTROLS\u00ae? Mission Controls\u00ae kann auf \u00fcber zwei\u00a0Jahrzehnte an professioneller Erfahrung im Bereich der Klimakontrolle im Gartenbau zur\u00fcckblicken. Wir stellen Produkte her, die den rauen Bedingungen von Gew\u00e4chsh\u00e4usern standhalten, und verf\u00fcgen \u00fcber Systeme und Prozesse, die weltweit zum Einsatz kommen. Egal, wie gro\u00df Ihr Betrieb auch sein mag: Mission Controls\u00ae hat die passende&hellip;\" \/>\n<meta property=\"og:url\" content=\"https:\/\/missioncontrols.com\/de\/ueber\/\" \/>\n<meta property=\"og:site_name\" content=\"Mission Controls\" \/>\n<meta property=\"article:modified_time\" content=\"2020-05-06T10:09:51+00:00\" \/>\n<meta name=\"twitter:card\" content=\"summary_large_image\" \/>\n<meta name=\"twitter:label1\" content=\"Gesch\u00e4tzte Lesezeit\" \/>\n\t<meta name=\"twitter:data1\" content=\"1\u00a0Minute\" \/>\n<script type=\"application\/ld+json\" class=\"yoast-schema-graph\">{\"@context\":\"https:\/\/schema.org\",\"@graph\":[{\"@type\":\"WebPage\",\"@id\":\"https:\/\/missioncontrols.com\/de\/ueber\/\",\"url\":\"https:\/\/missioncontrols.com\/de\/ueber\/\",\"name\":\"\u00dcber - Mission Controls\",\"isPartOf\":{\"@id\":\"https:\/\/missioncontrols.com\/nl\/#website\"},\"datePublished\":\"2020-01-09T13:22:29+00:00\",\"dateModified\":\"2020-05-06T10:09:51+00:00\",\"breadcrumb\":{\"@id\":\"https:\/\/missioncontrols.com\/de\/ueber\/#breadcrumb\"},\"inLanguage\":\"de\",\"potentialAction\":[{\"@type\":\"ReadAction\",\"target\":[\"https:\/\/missioncontrols.com\/de\/ueber\/\"]}]},{\"@type\":\"BreadcrumbList\",\"@id\":\"https:\/\/missioncontrols.com\/de\/ueber\/#breadcrumb\",\"itemListElement\":[{\"@type\":\"ListItem\",\"position\":1,\"name\":\"Home\",\"item\":\"https:\/\/missioncontrols.com\/de\/\"},{\"@type\":\"ListItem\",\"position\":2,\"name\":\"\u00dcber\"}]},{\"@type\":\"WebSite\",\"@id\":\"https:\/\/missioncontrols.com\/nl\/#website\",\"url\":\"https:\/\/missioncontrols.com\/nl\/\",\"name\":\"Mission Controls\",\"description\":\"Control Your Success\",\"potentialAction\":[{\"@type\":\"SearchAction\",\"target\":{\"@type\":\"EntryPoint\",\"urlTemplate\":\"https:\/\/missioncontrols.com\/nl\/?s={search_term_string}\"},\"query-input\":{\"@type\":\"PropertyValueSpecification\",\"valueRequired\":true,\"valueName\":\"search_term_string\"}}],\"inLanguage\":\"de\"}]}<\/script>\n<!-- \/ Yoast SEO plugin. -->","yoast_head_json":{"title":"\u00dcber - Mission Controls","robots":{"index":"index","follow":"follow","max-snippet":"max-snippet:-1","max-image-preview":"max-image-preview:large","max-video-preview":"max-video-preview:-1"},"canonical":"https:\/\/missioncontrols.com\/de\/ueber\/","og_locale":"de_DE","og_type":"article","og_title":"\u00dcber - Mission Controls","og_description":"WER IST MISSION CONTROLS\u00ae? Mission Controls\u00ae kann auf \u00fcber zwei\u00a0Jahrzehnte an professioneller Erfahrung im Bereich der Klimakontrolle im Gartenbau zur\u00fcckblicken. Wir stellen Produkte her, die den rauen Bedingungen von Gew\u00e4chsh\u00e4usern standhalten, und verf\u00fcgen \u00fcber Systeme und Prozesse, die weltweit zum Einsatz kommen. Egal, wie gro\u00df Ihr Betrieb auch sein mag: Mission Controls\u00ae hat die passende&hellip;","og_url":"https:\/\/missioncontrols.com\/de\/ueber\/","og_site_name":"Mission Controls","article_modified_time":"2020-05-06T10:09:51+00:00","twitter_card":"summary_large_image","twitter_misc":{"Gesch\u00e4tzte Lesezeit":"1\u00a0Minute"},"schema":{"@context":"https:\/\/schema.org","@graph":[{"@type":"WebPage","@id":"https:\/\/missioncontrols.com\/de\/ueber\/","url":"https:\/\/missioncontrols.com\/de\/ueber\/","name":"\u00dcber - Mission Controls","isPartOf":{"@id":"https:\/\/missioncontrols.com\/nl\/#website"},"datePublished":"2020-01-09T13:22:29+00:00","dateModified":"2020-05-06T10:09:51+00:00","breadcrumb":{"@id":"https:\/\/missioncontrols.com\/de\/ueber\/#breadcrumb"},"inLanguage":"de","potentialAction":[{"@type":"ReadAction","target":["https:\/\/missioncontrols.com\/de\/ueber\/"]}]},{"@type":"BreadcrumbList","@id":"https:\/\/missioncontrols.com\/de\/ueber\/#breadcrumb","itemListElement":[{"@type":"ListItem","position":1,"name":"Home","item":"https:\/\/missioncontrols.com\/de\/"},{"@type":"ListItem","position":2,"name":"\u00dcber"}]},{"@type":"WebSite","@id":"https:\/\/missioncontrols.com\/nl\/#website","url":"https:\/\/missioncontrols.com\/nl\/","name":"Mission Controls","description":"Control Your Success","potentialAction":[{"@type":"SearchAction","target":{"@type":"EntryPoint","urlTemplate":"https:\/\/missioncontrols.com\/nl\/?s={search_term_string}"},"query-input":{"@type":"PropertyValueSpecification","valueRequired":true,"valueName":"search_term_string"}}],"inLanguage":"de"}]}},"_links":{"self":[{"href":"https:\/\/missioncontrols.com\/de\/wp-json\/wp\/v2\/pages\/3005","targetHints":{"allow":["GET"]}}],"collection":[{"href":"https:\/\/missioncontrols.com\/de\/wp-json\/wp\/v2\/pages"}],"about":[{"href":"https:\/\/missioncontrols.com\/de\/wp-json\/wp\/v2\/types\/page"}],"author":[{"embeddable":true,"href":"https:\/\/missioncontrols.com\/de\/wp-json\/wp\/v2\/users\/1"}],"replies":[{"embeddable":true,"href":"https:\/\/missioncontrols.com\/de\/wp-json\/wp\/v2\/comments?post=3005"}],"version-history":[{"count":2,"href":"https:\/\/missioncontrols.com\/de\/wp-json\/wp\/v2\/pages\/3005\/revisions"}],"predecessor-version":[{"id":5752,"href":"https:\/\/missioncontrols.com\/de\/wp-json\/wp\/v2\/pages\/3005\/revisions\/5752"}],"wp:attachment":[{"href":"https:\/\/missioncontrols.com\/de\/wp-json\/wp\/v2\/media?parent=3005"}],"curies":[{"name":"wp","href":"https:\/\/api.w.org\/{rel}","templated":true}]}}