{"id":2014,"date":"2020-01-02T15:03:40","date_gmt":"2020-01-02T15:03:40","guid":{"rendered":"http:\/\/missioncontrols.com\/acerca-de\/"},"modified":"2020-05-06T10:08:15","modified_gmt":"2020-05-06T10:08:15","slug":"acerca-de","status":"publish","type":"page","link":"https:\/\/missioncontrols.com\/es\/acerca-de\/","title":{"rendered":"Acerca de"},"content":{"rendered":"<h1>\n\t<\/h1>\n\t<h3>SOBRE MISSION CONTROLS\u00ae?<\/h3>\n<p>Mission Controls\u00ae tiene m\u00e1s de dos d\u00e9cadas de experiencia profesional en el control clim\u00e1tico en horticultura. Creamos productos que soportan las condiciones m\u00e1s duras de la horticultura en interiores y nuestros sistemas y procesos se usan en todo el mundo. Sea cual sea el tama\u00f1o de su explotaci\u00f3n, Mission Controls\u00ae tiene la soluci\u00f3n para usted.<\/p>\n<h3>POR QU\u00c9 SOMOS DIFERENTES<\/h3>\n<p>Mission Controls\u00ae entiende que, en un sector competitivo y de r\u00e1pido crecimiento, nuestros usuarios necesitan los sistemas de control m\u00e1s recientes y eficaces para alcanzar sus propios objetivos de producci\u00f3n. Para hacer frente a estos desaf\u00edos, nos comprometemos con nuestros clientes en la idea, el dise\u00f1o y la prueba de nuestros productos para garantizar que satisfacen las exigencias de nuestros usuarios. Si tiene comentarios o sugerencias sobre algunos de nuestros productos, no dude en ponerse en contacto con nosotros.<\/p>","protected":false},"excerpt":{"rendered":"<p>SOBRE MISSION CONTROLS\u00ae? Mission Controls\u00ae tiene m\u00e1s de dos d\u00e9cadas de experiencia profesional en el control clim\u00e1tico en horticultura. Creamos productos que soportan las condiciones m\u00e1s duras de la horticultura en interiores y nuestros sistemas y procesos se usan en todo el mundo. Sea cual sea el tama\u00f1o de su explotaci\u00f3n, Mission Controls\u00ae tiene la&hellip;<\/p>\n","protected":false},"author":1,"featured_media":0,"parent":0,"menu_order":77,"comment_status":"closed","ping_status":"closed","template":"","meta":{"_acf_changed":false,"footnotes":""},"class_list":["post-2014","page","type-page","status-publish","hentry"],"acf":[],"yoast_head":"<!-- This site is optimized with the Yoast SEO plugin v26.4 - https:\/\/yoast.com\/wordpress\/plugins\/seo\/ -->\n<title>Acerca de - Mission Controls<\/title>\n<meta name=\"robots\" content=\"index, follow, max-snippet:-1, max-image-preview:large, max-video-preview:-1\" \/>\n<link rel=\"canonical\" href=\"https:\/\/missioncontrols.com\/es\/acerca-de\/\" \/>\n<meta property=\"og:locale\" content=\"es_ES\" \/>\n<meta property=\"og:type\" content=\"article\" \/>\n<meta property=\"og:title\" content=\"Acerca de - Mission Controls\" \/>\n<meta property=\"og:description\" content=\"SOBRE MISSION CONTROLS\u00ae? Mission Controls\u00ae tiene m\u00e1s de dos d\u00e9cadas de experiencia profesional en el control clim\u00e1tico en horticultura. Creamos productos que soportan las condiciones m\u00e1s duras de la horticultura en interiores y nuestros sistemas y procesos se usan en todo el mundo. Sea cual sea el tama\u00f1o de su explotaci\u00f3n, Mission Controls\u00ae tiene la&hellip;\" \/>\n<meta property=\"og:url\" content=\"https:\/\/missioncontrols.com\/es\/acerca-de\/\" \/>\n<meta property=\"og:site_name\" content=\"Mission Controls\" \/>\n<meta property=\"article:modified_time\" content=\"2020-05-06T10:08:15+00:00\" \/>\n<meta name=\"twitter:card\" content=\"summary_large_image\" \/>\n<meta name=\"twitter:label1\" content=\"Tiempo de lectura\" \/>\n\t<meta name=\"twitter:data1\" content=\"1 minuto\" \/>\n<script type=\"application\/ld+json\" class=\"yoast-schema-graph\">{\"@context\":\"https:\/\/schema.org\",\"@graph\":[{\"@type\":\"WebPage\",\"@id\":\"https:\/\/missioncontrols.com\/es\/acerca-de\/\",\"url\":\"https:\/\/missioncontrols.com\/es\/acerca-de\/\",\"name\":\"Acerca de - Mission Controls\",\"isPartOf\":{\"@id\":\"https:\/\/missioncontrols.com\/nl\/#website\"},\"datePublished\":\"2020-01-02T15:03:40+00:00\",\"dateModified\":\"2020-05-06T10:08:15+00:00\",\"breadcrumb\":{\"@id\":\"https:\/\/missioncontrols.com\/es\/acerca-de\/#breadcrumb\"},\"inLanguage\":\"es\",\"potentialAction\":[{\"@type\":\"ReadAction\",\"target\":[\"https:\/\/missioncontrols.com\/es\/acerca-de\/\"]}]},{\"@type\":\"BreadcrumbList\",\"@id\":\"https:\/\/missioncontrols.com\/es\/acerca-de\/#breadcrumb\",\"itemListElement\":[{\"@type\":\"ListItem\",\"position\":1,\"name\":\"Home\",\"item\":\"https:\/\/missioncontrols.com\/es\/\"},{\"@type\":\"ListItem\",\"position\":2,\"name\":\"Acerca de\"}]},{\"@type\":\"WebSite\",\"@id\":\"https:\/\/missioncontrols.com\/nl\/#website\",\"url\":\"https:\/\/missioncontrols.com\/nl\/\",\"name\":\"Mission Controls\",\"description\":\"Control Your Success\",\"potentialAction\":[{\"@type\":\"SearchAction\",\"target\":{\"@type\":\"EntryPoint\",\"urlTemplate\":\"https:\/\/missioncontrols.com\/nl\/?s={search_term_string}\"},\"query-input\":{\"@type\":\"PropertyValueSpecification\",\"valueRequired\":true,\"valueName\":\"search_term_string\"}}],\"inLanguage\":\"es\"}]}<\/script>\n<!-- \/ Yoast SEO plugin. -->","yoast_head_json":{"title":"Acerca de - Mission Controls","robots":{"index":"index","follow":"follow","max-snippet":"max-snippet:-1","max-image-preview":"max-image-preview:large","max-video-preview":"max-video-preview:-1"},"canonical":"https:\/\/missioncontrols.com\/es\/acerca-de\/","og_locale":"es_ES","og_type":"article","og_title":"Acerca de - Mission Controls","og_description":"SOBRE MISSION CONTROLS\u00ae? Mission Controls\u00ae tiene m\u00e1s de dos d\u00e9cadas de experiencia profesional en el control clim\u00e1tico en horticultura. Creamos productos que soportan las condiciones m\u00e1s duras de la horticultura en interiores y nuestros sistemas y procesos se usan en todo el mundo. Sea cual sea el tama\u00f1o de su explotaci\u00f3n, Mission Controls\u00ae tiene la&hellip;","og_url":"https:\/\/missioncontrols.com\/es\/acerca-de\/","og_site_name":"Mission Controls","article_modified_time":"2020-05-06T10:08:15+00:00","twitter_card":"summary_large_image","twitter_misc":{"Tiempo de lectura":"1 minuto"},"schema":{"@context":"https:\/\/schema.org","@graph":[{"@type":"WebPage","@id":"https:\/\/missioncontrols.com\/es\/acerca-de\/","url":"https:\/\/missioncontrols.com\/es\/acerca-de\/","name":"Acerca de - Mission Controls","isPartOf":{"@id":"https:\/\/missioncontrols.com\/nl\/#website"},"datePublished":"2020-01-02T15:03:40+00:00","dateModified":"2020-05-06T10:08:15+00:00","breadcrumb":{"@id":"https:\/\/missioncontrols.com\/es\/acerca-de\/#breadcrumb"},"inLanguage":"es","potentialAction":[{"@type":"ReadAction","target":["https:\/\/missioncontrols.com\/es\/acerca-de\/"]}]},{"@type":"BreadcrumbList","@id":"https:\/\/missioncontrols.com\/es\/acerca-de\/#breadcrumb","itemListElement":[{"@type":"ListItem","position":1,"name":"Home","item":"https:\/\/missioncontrols.com\/es\/"},{"@type":"ListItem","position":2,"name":"Acerca de"}]},{"@type":"WebSite","@id":"https:\/\/missioncontrols.com\/nl\/#website","url":"https:\/\/missioncontrols.com\/nl\/","name":"Mission Controls","description":"Control Your Success","potentialAction":[{"@type":"SearchAction","target":{"@type":"EntryPoint","urlTemplate":"https:\/\/missioncontrols.com\/nl\/?s={search_term_string}"},"query-input":{"@type":"PropertyValueSpecification","valueRequired":true,"valueName":"search_term_string"}}],"inLanguage":"es"}]}},"_links":{"self":[{"href":"https:\/\/missioncontrols.com\/es\/wp-json\/wp\/v2\/pages\/2014","targetHints":{"allow":["GET"]}}],"collection":[{"href":"https:\/\/missioncontrols.com\/es\/wp-json\/wp\/v2\/pages"}],"about":[{"href":"https:\/\/missioncontrols.com\/es\/wp-json\/wp\/v2\/types\/page"}],"author":[{"embeddable":true,"href":"https:\/\/missioncontrols.com\/es\/wp-json\/wp\/v2\/users\/1"}],"replies":[{"embeddable":true,"href":"https:\/\/missioncontrols.com\/es\/wp-json\/wp\/v2\/comments?post=2014"}],"version-history":[{"count":2,"href":"https:\/\/missioncontrols.com\/es\/wp-json\/wp\/v2\/pages\/2014\/revisions"}],"predecessor-version":[{"id":5751,"href":"https:\/\/missioncontrols.com\/es\/wp-json\/wp\/v2\/pages\/2014\/revisions\/5751"}],"wp:attachment":[{"href":"https:\/\/missioncontrols.com\/es\/wp-json\/wp\/v2\/media?parent=2014"}],"curies":[{"name":"wp","href":"https:\/\/api.w.org\/{rel}","templated":true}]}}