{"id":3131,"date":"2020-01-15T15:20:33","date_gmt":"2020-01-15T15:20:33","guid":{"rendered":"http:\/\/missioncontrols.com\/a-propos\/"},"modified":"2020-05-06T10:10:41","modified_gmt":"2020-05-06T10:10:41","slug":"a-propos","status":"publish","type":"page","link":"https:\/\/missioncontrols.com\/fr\/a-propos\/","title":{"rendered":"\u00e0 propos"},"content":{"rendered":"<h1>\n\t<\/h1>\n\t<h3>QUI EST MISSION CONTROLS\u00ae?<\/h3>\n<p>Mission Controls\u00ae compte plus de vingt ans d&#8217;exp\u00e9rience professionnelle dans le contr\u00f4le climatique en milieu horticole. Nous fabriquons des produits qui r\u00e9sistent aux conditions difficiles de l&#8217;horticulture en serre, et nos syst\u00e8mes et proc\u00e9d\u00e9s ont \u00e9t\u00e9 adopt\u00e9s dans le monde entier. Quelle que soit la taille de votre exploitation, Mission Controls\u00ae a la solution qu&#8217;il vous faut.<\/p>\n<h3>EN QUOI SOMMES-NOUS DIFF\u00c9RENTS?<\/h3>\n<p>Mission Controls\u00ae comprend que, dans une industrie concurrentielle et au rythme effr\u00e9n\u00e9, nos utilisateurs ont besoin des syst\u00e8mes de contr\u00f4le les plus r\u00e9cents et les plus efficaces pour atteindre leurs propres objectifs de production. Afin de relever ces d\u00e9fis, nous communiquons avec nos clients dans le cadre des phases d\u2019id\u00e9ation, de conception et d\u2019essais, pour veiller \u00e0 ce que nos produits r\u00e9pondent aux demandes de nos utilisateurs. N\u2019h\u00e9sitez pas \u00e0 nous contacter afin de nous soumettre tout commentaire ou suggestion au regard de l\u2019un de nos produits.<\/p>","protected":false},"excerpt":{"rendered":"<p>QUI EST MISSION CONTROLS\u00ae? Mission Controls\u00ae compte plus de vingt ans d&#8217;exp\u00e9rience professionnelle dans le contr\u00f4le climatique en milieu horticole. Nous fabriquons des produits qui r\u00e9sistent aux conditions difficiles de l&#8217;horticulture en serre, et nos syst\u00e8mes et proc\u00e9d\u00e9s ont \u00e9t\u00e9 adopt\u00e9s dans le monde entier. Quelle que soit la taille de votre exploitation, Mission Controls\u00ae&hellip;<\/p>\n","protected":false},"author":1,"featured_media":0,"parent":0,"menu_order":79,"comment_status":"closed","ping_status":"closed","template":"","meta":{"_acf_changed":false,"footnotes":""},"class_list":["post-3131","page","type-page","status-publish","hentry"],"acf":[],"yoast_head":"<!-- This site is optimized with the Yoast SEO plugin v26.4 - https:\/\/yoast.com\/wordpress\/plugins\/seo\/ -->\n<title>\u00e0 propos - Mission Controls<\/title>\n<meta name=\"robots\" content=\"index, follow, max-snippet:-1, max-image-preview:large, max-video-preview:-1\" \/>\n<link rel=\"canonical\" href=\"https:\/\/missioncontrols.com\/fr\/a-propos\/\" \/>\n<meta property=\"og:locale\" content=\"fr_FR\" \/>\n<meta property=\"og:type\" content=\"article\" \/>\n<meta property=\"og:title\" content=\"\u00e0 propos - Mission Controls\" \/>\n<meta property=\"og:description\" content=\"QUI EST MISSION CONTROLS\u00ae? Mission Controls\u00ae compte plus de vingt ans d&#8217;exp\u00e9rience professionnelle dans le contr\u00f4le climatique en milieu horticole. Nous fabriquons des produits qui r\u00e9sistent aux conditions difficiles de l&#8217;horticulture en serre, et nos syst\u00e8mes et proc\u00e9d\u00e9s ont \u00e9t\u00e9 adopt\u00e9s dans le monde entier. Quelle que soit la taille de votre exploitation, Mission Controls\u00ae&hellip;\" \/>\n<meta property=\"og:url\" content=\"https:\/\/missioncontrols.com\/fr\/a-propos\/\" \/>\n<meta property=\"og:site_name\" content=\"Mission Controls\" \/>\n<meta property=\"article:modified_time\" content=\"2020-05-06T10:10:41+00:00\" \/>\n<meta name=\"twitter:card\" content=\"summary_large_image\" \/>\n<meta name=\"twitter:label1\" content=\"Dur\u00e9e de lecture estim\u00e9e\" \/>\n\t<meta name=\"twitter:data1\" content=\"1 minute\" \/>\n<script type=\"application\/ld+json\" class=\"yoast-schema-graph\">{\"@context\":\"https:\/\/schema.org\",\"@graph\":[{\"@type\":\"WebPage\",\"@id\":\"https:\/\/missioncontrols.com\/fr\/a-propos\/\",\"url\":\"https:\/\/missioncontrols.com\/fr\/a-propos\/\",\"name\":\"\u00e0 propos - Mission Controls\",\"isPartOf\":{\"@id\":\"https:\/\/missioncontrols.com\/nl\/#website\"},\"datePublished\":\"2020-01-15T15:20:33+00:00\",\"dateModified\":\"2020-05-06T10:10:41+00:00\",\"breadcrumb\":{\"@id\":\"https:\/\/missioncontrols.com\/fr\/a-propos\/#breadcrumb\"},\"inLanguage\":\"fr-FR\",\"potentialAction\":[{\"@type\":\"ReadAction\",\"target\":[\"https:\/\/missioncontrols.com\/fr\/a-propos\/\"]}]},{\"@type\":\"BreadcrumbList\",\"@id\":\"https:\/\/missioncontrols.com\/fr\/a-propos\/#breadcrumb\",\"itemListElement\":[{\"@type\":\"ListItem\",\"position\":1,\"name\":\"Home\",\"item\":\"https:\/\/missioncontrols.com\/fr\/\"},{\"@type\":\"ListItem\",\"position\":2,\"name\":\"\u00e0 propos\"}]},{\"@type\":\"WebSite\",\"@id\":\"https:\/\/missioncontrols.com\/nl\/#website\",\"url\":\"https:\/\/missioncontrols.com\/nl\/\",\"name\":\"Mission Controls\",\"description\":\"Control Your Success\",\"potentialAction\":[{\"@type\":\"SearchAction\",\"target\":{\"@type\":\"EntryPoint\",\"urlTemplate\":\"https:\/\/missioncontrols.com\/nl\/?s={search_term_string}\"},\"query-input\":{\"@type\":\"PropertyValueSpecification\",\"valueRequired\":true,\"valueName\":\"search_term_string\"}}],\"inLanguage\":\"fr-FR\"}]}<\/script>\n<!-- \/ Yoast SEO plugin. -->","yoast_head_json":{"title":"\u00e0 propos - Mission Controls","robots":{"index":"index","follow":"follow","max-snippet":"max-snippet:-1","max-image-preview":"max-image-preview:large","max-video-preview":"max-video-preview:-1"},"canonical":"https:\/\/missioncontrols.com\/fr\/a-propos\/","og_locale":"fr_FR","og_type":"article","og_title":"\u00e0 propos - Mission Controls","og_description":"QUI EST MISSION CONTROLS\u00ae? Mission Controls\u00ae compte plus de vingt ans d&#8217;exp\u00e9rience professionnelle dans le contr\u00f4le climatique en milieu horticole. Nous fabriquons des produits qui r\u00e9sistent aux conditions difficiles de l&#8217;horticulture en serre, et nos syst\u00e8mes et proc\u00e9d\u00e9s ont \u00e9t\u00e9 adopt\u00e9s dans le monde entier. Quelle que soit la taille de votre exploitation, Mission Controls\u00ae&hellip;","og_url":"https:\/\/missioncontrols.com\/fr\/a-propos\/","og_site_name":"Mission Controls","article_modified_time":"2020-05-06T10:10:41+00:00","twitter_card":"summary_large_image","twitter_misc":{"Dur\u00e9e de lecture estim\u00e9e":"1 minute"},"schema":{"@context":"https:\/\/schema.org","@graph":[{"@type":"WebPage","@id":"https:\/\/missioncontrols.com\/fr\/a-propos\/","url":"https:\/\/missioncontrols.com\/fr\/a-propos\/","name":"\u00e0 propos - Mission Controls","isPartOf":{"@id":"https:\/\/missioncontrols.com\/nl\/#website"},"datePublished":"2020-01-15T15:20:33+00:00","dateModified":"2020-05-06T10:10:41+00:00","breadcrumb":{"@id":"https:\/\/missioncontrols.com\/fr\/a-propos\/#breadcrumb"},"inLanguage":"fr-FR","potentialAction":[{"@type":"ReadAction","target":["https:\/\/missioncontrols.com\/fr\/a-propos\/"]}]},{"@type":"BreadcrumbList","@id":"https:\/\/missioncontrols.com\/fr\/a-propos\/#breadcrumb","itemListElement":[{"@type":"ListItem","position":1,"name":"Home","item":"https:\/\/missioncontrols.com\/fr\/"},{"@type":"ListItem","position":2,"name":"\u00e0 propos"}]},{"@type":"WebSite","@id":"https:\/\/missioncontrols.com\/nl\/#website","url":"https:\/\/missioncontrols.com\/nl\/","name":"Mission Controls","description":"Control Your Success","potentialAction":[{"@type":"SearchAction","target":{"@type":"EntryPoint","urlTemplate":"https:\/\/missioncontrols.com\/nl\/?s={search_term_string}"},"query-input":{"@type":"PropertyValueSpecification","valueRequired":true,"valueName":"search_term_string"}}],"inLanguage":"fr-FR"}]}},"_links":{"self":[{"href":"https:\/\/missioncontrols.com\/fr\/wp-json\/wp\/v2\/pages\/3131","targetHints":{"allow":["GET"]}}],"collection":[{"href":"https:\/\/missioncontrols.com\/fr\/wp-json\/wp\/v2\/pages"}],"about":[{"href":"https:\/\/missioncontrols.com\/fr\/wp-json\/wp\/v2\/types\/page"}],"author":[{"embeddable":true,"href":"https:\/\/missioncontrols.com\/fr\/wp-json\/wp\/v2\/users\/1"}],"replies":[{"embeddable":true,"href":"https:\/\/missioncontrols.com\/fr\/wp-json\/wp\/v2\/comments?post=3131"}],"version-history":[{"count":2,"href":"https:\/\/missioncontrols.com\/fr\/wp-json\/wp\/v2\/pages\/3131\/revisions"}],"predecessor-version":[{"id":5753,"href":"https:\/\/missioncontrols.com\/fr\/wp-json\/wp\/v2\/pages\/3131\/revisions\/5753"}],"wp:attachment":[{"href":"https:\/\/missioncontrols.com\/fr\/wp-json\/wp\/v2\/media?parent=3131"}],"curies":[{"name":"wp","href":"https:\/\/api.w.org\/{rel}","templated":true}]}}