{"id":3543,"date":"2020-01-17T16:56:56","date_gmt":"2020-01-17T16:56:56","guid":{"rendered":"http:\/\/missioncontrols.com\/apie\/"},"modified":"2020-05-06T10:16:00","modified_gmt":"2020-05-06T10:16:00","slug":"apie","status":"publish","type":"page","link":"https:\/\/missioncontrols.com\/lt\/apie\/","title":{"rendered":"apie"},"content":{"rendered":"<h1>\n\t<\/h1>\n\t<h3>KAS YRA MISSION CONTROLS\u00ae?<\/h3>\n<p>\u201eMission Controls\u00ae\u201c turi daugiau nei dviej\u0173 de\u0161imtme\u010di\u0173 profesin\u0119 patirt\u012f sodininkyst\u0117s klimato kontrol\u0117s srityje. Mes kuriame produktus, atsparius at\u0161iaurioms sodininkyst\u0117s s\u0105lygoms patalpose, o m\u016bs\u0173 sistemos ir procesai taikomi visame pasaulyje. Nepriklausomai nuo j\u016bs\u0173 veiklos apimties, \u201eMission Controls\u00ae\u201c gali pasi\u016blyti jums sprendim\u0105.<\/p>\n<h3>KOD\u0116L MES KITOKIE?<\/h3>\n<p>Mission Controls\u00ae supranta, kad spar\u010diai besivystan\u010dioje ir konkurencingoje pramon\u0117je vartotojams reikalingos naujausios ir veiksmingiausios valdymo sistemos, kad b\u016bt\u0173 pasiekti gamybos tikslai. Siekdami \u012fgyvendinti \u0161iuos i\u0161\u0161\u016bkius, mes bendradarbiaujame su klientais \u2013 kuriame id\u0117jas, dizainus ir atliekame bandymus nor\u0117dami u\u017etikrinti, kad m\u016bs\u0173 produktai atitinka vartotoj\u0173 poreikius. Jei norite pateikti pastab\u0173 ar pasi\u016blym\u0173 d\u0117l m\u016bs\u0173 produkt\u0173, susisiekite su mumis.<\/p>","protected":false},"excerpt":{"rendered":"<p>KAS YRA MISSION CONTROLS\u00ae? \u201eMission Controls\u00ae\u201c turi daugiau nei dviej\u0173 de\u0161imtme\u010di\u0173 profesin\u0119 patirt\u012f sodininkyst\u0117s klimato kontrol\u0117s srityje. Mes kuriame produktus, atsparius at\u0161iaurioms sodininkyst\u0117s s\u0105lygoms patalpose, o m\u016bs\u0173 sistemos ir procesai taikomi visame pasaulyje. Nepriklausomai nuo j\u016bs\u0173 veiklos apimties, \u201eMission Controls\u00ae\u201c gali pasi\u016blyti jums sprendim\u0105. KOD\u0116L MES KITOKIE? Mission Controls\u00ae supranta, kad spar\u010diai besivystan\u010dioje ir konkurencingoje&hellip;<\/p>\n","protected":false},"author":1,"featured_media":0,"parent":0,"menu_order":84,"comment_status":"closed","ping_status":"closed","template":"","meta":{"_acf_changed":false,"footnotes":""},"class_list":["post-3543","page","type-page","status-publish","hentry"],"acf":[],"yoast_head":"<!-- This site is optimized with the Yoast SEO plugin v26.4 - https:\/\/yoast.com\/wordpress\/plugins\/seo\/ -->\n<title>apie - Mission Controls<\/title>\n<meta name=\"robots\" content=\"index, follow, max-snippet:-1, max-image-preview:large, max-video-preview:-1\" \/>\n<link rel=\"canonical\" href=\"https:\/\/missioncontrols.com\/lt\/apie\/\" \/>\n<meta property=\"og:locale\" content=\"lt_LT\" \/>\n<meta property=\"og:type\" content=\"article\" \/>\n<meta property=\"og:title\" content=\"apie - Mission Controls\" \/>\n<meta property=\"og:description\" content=\"KAS YRA MISSION CONTROLS\u00ae? \u201eMission Controls\u00ae\u201c turi daugiau nei dviej\u0173 de\u0161imtme\u010di\u0173 profesin\u0119 patirt\u012f sodininkyst\u0117s klimato kontrol\u0117s srityje. Mes kuriame produktus, atsparius at\u0161iaurioms sodininkyst\u0117s s\u0105lygoms patalpose, o m\u016bs\u0173 sistemos ir procesai taikomi visame pasaulyje. Nepriklausomai nuo j\u016bs\u0173 veiklos apimties, \u201eMission Controls\u00ae\u201c gali pasi\u016blyti jums sprendim\u0105. KOD\u0116L MES KITOKIE? Mission Controls\u00ae supranta, kad spar\u010diai besivystan\u010dioje ir konkurencingoje&hellip;\" \/>\n<meta property=\"og:url\" content=\"https:\/\/missioncontrols.com\/lt\/apie\/\" \/>\n<meta property=\"og:site_name\" content=\"Mission Controls\" \/>\n<meta property=\"article:modified_time\" content=\"2020-05-06T10:16:00+00:00\" \/>\n<meta name=\"twitter:card\" content=\"summary_large_image\" \/>\n<meta name=\"twitter:label1\" content=\"Est. reading time\" \/>\n\t<meta name=\"twitter:data1\" content=\"1 minut\u0117\" \/>\n<script type=\"application\/ld+json\" class=\"yoast-schema-graph\">{\"@context\":\"https:\/\/schema.org\",\"@graph\":[{\"@type\":\"WebPage\",\"@id\":\"https:\/\/missioncontrols.com\/lt\/apie\/\",\"url\":\"https:\/\/missioncontrols.com\/lt\/apie\/\",\"name\":\"apie - Mission Controls\",\"isPartOf\":{\"@id\":\"https:\/\/missioncontrols.com\/nl\/#website\"},\"datePublished\":\"2020-01-17T16:56:56+00:00\",\"dateModified\":\"2020-05-06T10:16:00+00:00\",\"breadcrumb\":{\"@id\":\"https:\/\/missioncontrols.com\/lt\/apie\/#breadcrumb\"},\"inLanguage\":\"lt-LT\",\"potentialAction\":[{\"@type\":\"ReadAction\",\"target\":[\"https:\/\/missioncontrols.com\/lt\/apie\/\"]}]},{\"@type\":\"BreadcrumbList\",\"@id\":\"https:\/\/missioncontrols.com\/lt\/apie\/#breadcrumb\",\"itemListElement\":[{\"@type\":\"ListItem\",\"position\":1,\"name\":\"Home\",\"item\":\"https:\/\/missioncontrols.com\/lt\/\"},{\"@type\":\"ListItem\",\"position\":2,\"name\":\"apie\"}]},{\"@type\":\"WebSite\",\"@id\":\"https:\/\/missioncontrols.com\/nl\/#website\",\"url\":\"https:\/\/missioncontrols.com\/nl\/\",\"name\":\"Mission Controls\",\"description\":\"Control Your Success\",\"potentialAction\":[{\"@type\":\"SearchAction\",\"target\":{\"@type\":\"EntryPoint\",\"urlTemplate\":\"https:\/\/missioncontrols.com\/nl\/?s={search_term_string}\"},\"query-input\":{\"@type\":\"PropertyValueSpecification\",\"valueRequired\":true,\"valueName\":\"search_term_string\"}}],\"inLanguage\":\"lt-LT\"}]}<\/script>\n<!-- \/ Yoast SEO plugin. -->","yoast_head_json":{"title":"apie - Mission Controls","robots":{"index":"index","follow":"follow","max-snippet":"max-snippet:-1","max-image-preview":"max-image-preview:large","max-video-preview":"max-video-preview:-1"},"canonical":"https:\/\/missioncontrols.com\/lt\/apie\/","og_locale":"lt_LT","og_type":"article","og_title":"apie - Mission Controls","og_description":"KAS YRA MISSION CONTROLS\u00ae? \u201eMission Controls\u00ae\u201c turi daugiau nei dviej\u0173 de\u0161imtme\u010di\u0173 profesin\u0119 patirt\u012f sodininkyst\u0117s klimato kontrol\u0117s srityje. Mes kuriame produktus, atsparius at\u0161iaurioms sodininkyst\u0117s s\u0105lygoms patalpose, o m\u016bs\u0173 sistemos ir procesai taikomi visame pasaulyje. Nepriklausomai nuo j\u016bs\u0173 veiklos apimties, \u201eMission Controls\u00ae\u201c gali pasi\u016blyti jums sprendim\u0105. KOD\u0116L MES KITOKIE? Mission Controls\u00ae supranta, kad spar\u010diai besivystan\u010dioje ir konkurencingoje&hellip;","og_url":"https:\/\/missioncontrols.com\/lt\/apie\/","og_site_name":"Mission Controls","article_modified_time":"2020-05-06T10:16:00+00:00","twitter_card":"summary_large_image","twitter_misc":{"Est. reading time":"1 minut\u0117"},"schema":{"@context":"https:\/\/schema.org","@graph":[{"@type":"WebPage","@id":"https:\/\/missioncontrols.com\/lt\/apie\/","url":"https:\/\/missioncontrols.com\/lt\/apie\/","name":"apie - Mission Controls","isPartOf":{"@id":"https:\/\/missioncontrols.com\/nl\/#website"},"datePublished":"2020-01-17T16:56:56+00:00","dateModified":"2020-05-06T10:16:00+00:00","breadcrumb":{"@id":"https:\/\/missioncontrols.com\/lt\/apie\/#breadcrumb"},"inLanguage":"lt-LT","potentialAction":[{"@type":"ReadAction","target":["https:\/\/missioncontrols.com\/lt\/apie\/"]}]},{"@type":"BreadcrumbList","@id":"https:\/\/missioncontrols.com\/lt\/apie\/#breadcrumb","itemListElement":[{"@type":"ListItem","position":1,"name":"Home","item":"https:\/\/missioncontrols.com\/lt\/"},{"@type":"ListItem","position":2,"name":"apie"}]},{"@type":"WebSite","@id":"https:\/\/missioncontrols.com\/nl\/#website","url":"https:\/\/missioncontrols.com\/nl\/","name":"Mission Controls","description":"Control Your Success","potentialAction":[{"@type":"SearchAction","target":{"@type":"EntryPoint","urlTemplate":"https:\/\/missioncontrols.com\/nl\/?s={search_term_string}"},"query-input":{"@type":"PropertyValueSpecification","valueRequired":true,"valueName":"search_term_string"}}],"inLanguage":"lt-LT"}]}},"_links":{"self":[{"href":"https:\/\/missioncontrols.com\/lt\/wp-json\/wp\/v2\/pages\/3543","targetHints":{"allow":["GET"]}}],"collection":[{"href":"https:\/\/missioncontrols.com\/lt\/wp-json\/wp\/v2\/pages"}],"about":[{"href":"https:\/\/missioncontrols.com\/lt\/wp-json\/wp\/v2\/types\/page"}],"author":[{"embeddable":true,"href":"https:\/\/missioncontrols.com\/lt\/wp-json\/wp\/v2\/users\/1"}],"replies":[{"embeddable":true,"href":"https:\/\/missioncontrols.com\/lt\/wp-json\/wp\/v2\/comments?post=3543"}],"version-history":[{"count":2,"href":"https:\/\/missioncontrols.com\/lt\/wp-json\/wp\/v2\/pages\/3543\/revisions"}],"predecessor-version":[{"id":5759,"href":"https:\/\/missioncontrols.com\/lt\/wp-json\/wp\/v2\/pages\/3543\/revisions\/5759"}],"wp:attachment":[{"href":"https:\/\/missioncontrols.com\/lt\/wp-json\/wp\/v2\/media?parent=3543"}],"curies":[{"name":"wp","href":"https:\/\/api.w.org\/{rel}","templated":true}]}}