{"id":3548,"date":"2020-01-17T16:59:30","date_gmt":"2020-01-17T16:59:30","guid":{"rendered":"http:\/\/missioncontrols.com\/prekybininkai\/"},"modified":"2020-05-06T10:30:48","modified_gmt":"2020-05-06T10:30:48","slug":"prekybininkai","status":"publish","type":"page","link":"https:\/\/missioncontrols.com\/lt\/prekybininkai\/","title":{"rendered":"prekybininkai"},"content":{"rendered":"<h1>\n\t<\/h1>\n\t<h5>Jei esate pardav\u0117jas ar platintojas, kuris nor\u0117t\u0173 pardavin\u0117ti m\u016bs\u0173 produktus, arba esate perpardavin\u0117tojas ir \u010dia nematote savo informacijos, <a href=\"http:\/\/missioncontrols.com\/contact\/\">susisiekite su mumis.<\/a><\/h5>\n\t<style>\r\n\t#wpsl-stores .wpsl-store-thumb {height:45px !important; width:45px !important;}\r\n\t#wpsl-stores, #wpsl-direction-details, #wpsl-gmap {height:550px !important;}\r\n\t#wpsl-gmap .wpsl-info-window {max-width:225px !important;}\r\n\t.wpsl-input label, #wpsl-radius label, #wpsl-category label {width:95px;}\r\n\t#wpsl-search-input  {width:179px;}\r\n<\/style>\r\n<div id=\"wpsl-wrap\">\r\n\t<div class=\"wpsl-search wpsl-clearfix \">\r\n\t\t<div id=\"wpsl-search-wrap\">\r\n\t\t\t<form autocomplete=\"off\">\r\n\t\t\t<div class=\"wpsl-input\">\r\n\t\t\t\t<div><label for=\"wpsl-search-input\">Your location<\/label><\/div>\r\n\t\t\t\t<input id=\"wpsl-search-input\" type=\"text\" value=\"\" name=\"wpsl-search-input\" placeholder=\"Enter your Location\" aria-required=\"true\" \/>\r\n\t\t\t<\/div>\r\n\t\t\t<div class=\"wpsl-select-wrap\">\r\n\t\t\t\t<div id=\"wpsl-radius\">\r\n\t\t\t\t\t<label for=\"wpsl-radius-dropdown\">Search radius<\/label>\r\n\t\t\t\t\t<select id=\"wpsl-radius-dropdown\" class=\"wpsl-dropdown\" name=\"wpsl-radius\">\r\n\t\t\t\t\t\t<option value=\"10\">10 mi<\/option><option value=\"25\">25 mi<\/option><option selected=\"selected\" value=\"50\">50 mi<\/option><option value=\"100\">100 mi<\/option><option value=\"200\">200 mi<\/option><option value=\"500\">500 mi<\/option>\r\n\t\t\t\t\t<\/select>\r\n\t\t\t\t<\/div>\r\n\t\t\t\t<div id=\"wpsl-results\">\r\n\t\t\t\t\t<label for=\"wpsl-results-dropdown\">Results<\/label>\r\n\t\t\t\t\t<select id=\"wpsl-results-dropdown\" class=\"wpsl-dropdown\" name=\"wpsl-results\">\r\n\t\t\t\t\t\t<option selected=\"selected\" value=\"25\">25<\/option><option value=\"50\">50<\/option><option value=\"75\">75<\/option><option value=\"100\">100<\/option>\r\n\t\t\t\t\t<\/select>\r\n\t\t\t\t<\/div>\r\n\t\t\t<\/div>\r\n\t\t\t\t<div class=\"wpsl-search-btn-wrap\"><input id=\"wpsl-search-btn\" type=\"submit\" value=\"Search\"><\/div>\r\n\t\t<\/form>\r\n\t\t<\/div>\r\n\t<\/div>\r\n\t<div id=\"wpsl-gmap\" class=\"wpsl-gmap-canvas\"><\/div>\r\n\t<div id=\"wpsl-result-list\">\r\n\t\t<div id=\"wpsl-stores\" >\r\n\t\t\t<ul><\/ul>\r\n\t\t<\/div>\r\n\t\t<div id=\"wpsl-direction-details\">\r\n\t\t\t<ul><\/ul>\r\n\t\t<\/div>\r\n\t<\/div>\r\n<\/div>\r\n\n<ul>\n \t<li><img decoding=\"async\" src=\"http:\/\/missioncontrols.com\/wp-content\/uploads\/2019\/10\/distributor-icon.png\" \/>Distributor<\/li>\n \t<li><img decoding=\"async\" src=\"http:\/\/missioncontrols.com\/wp-content\/uploads\/2019\/10\/retailer-icon.png\" \/>Retailer<\/li>\n<\/ul>","protected":false},"excerpt":{"rendered":"<p>Jei esate pardav\u0117jas ar platintojas, kuris nor\u0117t\u0173 pardavin\u0117ti m\u016bs\u0173 produktus, arba esate perpardavin\u0117tojas ir \u010dia nematote savo informacijos, susisiekite su mumis. Distributor Retailer<\/p>\n","protected":false},"author":1,"featured_media":0,"parent":0,"menu_order":134,"comment_status":"closed","ping_status":"closed","template":"","meta":{"_acf_changed":false,"footnotes":""},"class_list":["post-3548","page","type-page","status-publish","hentry"],"acf":[],"yoast_head":"<!-- This site is optimized with the Yoast SEO plugin v26.4 - https:\/\/yoast.com\/wordpress\/plugins\/seo\/ -->\n<title>prekybininkai - Mission Controls<\/title>\n<meta name=\"robots\" content=\"index, follow, max-snippet:-1, max-image-preview:large, max-video-preview:-1\" \/>\n<link rel=\"canonical\" href=\"https:\/\/missioncontrols.com\/lt\/prekybininkai\/\" \/>\n<meta property=\"og:locale\" content=\"lt_LT\" \/>\n<meta property=\"og:type\" content=\"article\" \/>\n<meta property=\"og:title\" content=\"prekybininkai - Mission Controls\" \/>\n<meta property=\"og:description\" content=\"Jei esate pardav\u0117jas ar platintojas, kuris nor\u0117t\u0173 pardavin\u0117ti m\u016bs\u0173 produktus, arba esate perpardavin\u0117tojas ir \u010dia nematote savo informacijos, susisiekite su mumis. Distributor Retailer\" \/>\n<meta property=\"og:url\" content=\"https:\/\/missioncontrols.com\/lt\/prekybininkai\/\" \/>\n<meta property=\"og:site_name\" content=\"Mission Controls\" \/>\n<meta property=\"article:modified_time\" content=\"2020-05-06T10:30:48+00:00\" \/>\n<meta property=\"og:image\" content=\"http:\/\/missioncontrols.com\/wp-content\/uploads\/2019\/10\/distributor-icon.png\" \/>\n<meta name=\"twitter:card\" content=\"summary_large_image\" \/>\n<script type=\"application\/ld+json\" class=\"yoast-schema-graph\">{\"@context\":\"https:\/\/schema.org\",\"@graph\":[{\"@type\":\"WebPage\",\"@id\":\"https:\/\/missioncontrols.com\/lt\/prekybininkai\/\",\"url\":\"https:\/\/missioncontrols.com\/lt\/prekybininkai\/\",\"name\":\"prekybininkai - Mission Controls\",\"isPartOf\":{\"@id\":\"https:\/\/missioncontrols.com\/nl\/#website\"},\"primaryImageOfPage\":{\"@id\":\"https:\/\/missioncontrols.com\/lt\/prekybininkai\/#primaryimage\"},\"image\":{\"@id\":\"https:\/\/missioncontrols.com\/lt\/prekybininkai\/#primaryimage\"},\"thumbnailUrl\":\"http:\/\/missioncontrols.com\/wp-content\/uploads\/2019\/10\/distributor-icon.png\",\"datePublished\":\"2020-01-17T16:59:30+00:00\",\"dateModified\":\"2020-05-06T10:30:48+00:00\",\"breadcrumb\":{\"@id\":\"https:\/\/missioncontrols.com\/lt\/prekybininkai\/#breadcrumb\"},\"inLanguage\":\"lt-LT\",\"potentialAction\":[{\"@type\":\"ReadAction\",\"target\":[\"https:\/\/missioncontrols.com\/lt\/prekybininkai\/\"]}]},{\"@type\":\"ImageObject\",\"inLanguage\":\"lt-LT\",\"@id\":\"https:\/\/missioncontrols.com\/lt\/prekybininkai\/#primaryimage\",\"url\":\"http:\/\/missioncontrols.com\/wp-content\/uploads\/2019\/10\/distributor-icon.png\",\"contentUrl\":\"http:\/\/missioncontrols.com\/wp-content\/uploads\/2019\/10\/distributor-icon.png\"},{\"@type\":\"BreadcrumbList\",\"@id\":\"https:\/\/missioncontrols.com\/lt\/prekybininkai\/#breadcrumb\",\"itemListElement\":[{\"@type\":\"ListItem\",\"position\":1,\"name\":\"Home\",\"item\":\"https:\/\/missioncontrols.com\/lt\/\"},{\"@type\":\"ListItem\",\"position\":2,\"name\":\"prekybininkai\"}]},{\"@type\":\"WebSite\",\"@id\":\"https:\/\/missioncontrols.com\/nl\/#website\",\"url\":\"https:\/\/missioncontrols.com\/nl\/\",\"name\":\"Mission Controls\",\"description\":\"Control Your Success\",\"potentialAction\":[{\"@type\":\"SearchAction\",\"target\":{\"@type\":\"EntryPoint\",\"urlTemplate\":\"https:\/\/missioncontrols.com\/nl\/?s={search_term_string}\"},\"query-input\":{\"@type\":\"PropertyValueSpecification\",\"valueRequired\":true,\"valueName\":\"search_term_string\"}}],\"inLanguage\":\"lt-LT\"}]}<\/script>\n<!-- \/ Yoast SEO plugin. -->","yoast_head_json":{"title":"prekybininkai - Mission Controls","robots":{"index":"index","follow":"follow","max-snippet":"max-snippet:-1","max-image-preview":"max-image-preview:large","max-video-preview":"max-video-preview:-1"},"canonical":"https:\/\/missioncontrols.com\/lt\/prekybininkai\/","og_locale":"lt_LT","og_type":"article","og_title":"prekybininkai - Mission Controls","og_description":"Jei esate pardav\u0117jas ar platintojas, kuris nor\u0117t\u0173 pardavin\u0117ti m\u016bs\u0173 produktus, arba esate perpardavin\u0117tojas ir \u010dia nematote savo informacijos, susisiekite su mumis. Distributor Retailer","og_url":"https:\/\/missioncontrols.com\/lt\/prekybininkai\/","og_site_name":"Mission Controls","article_modified_time":"2020-05-06T10:30:48+00:00","og_image":[{"url":"http:\/\/missioncontrols.com\/wp-content\/uploads\/2019\/10\/distributor-icon.png","type":"","width":"","height":""}],"twitter_card":"summary_large_image","schema":{"@context":"https:\/\/schema.org","@graph":[{"@type":"WebPage","@id":"https:\/\/missioncontrols.com\/lt\/prekybininkai\/","url":"https:\/\/missioncontrols.com\/lt\/prekybininkai\/","name":"prekybininkai - Mission Controls","isPartOf":{"@id":"https:\/\/missioncontrols.com\/nl\/#website"},"primaryImageOfPage":{"@id":"https:\/\/missioncontrols.com\/lt\/prekybininkai\/#primaryimage"},"image":{"@id":"https:\/\/missioncontrols.com\/lt\/prekybininkai\/#primaryimage"},"thumbnailUrl":"http:\/\/missioncontrols.com\/wp-content\/uploads\/2019\/10\/distributor-icon.png","datePublished":"2020-01-17T16:59:30+00:00","dateModified":"2020-05-06T10:30:48+00:00","breadcrumb":{"@id":"https:\/\/missioncontrols.com\/lt\/prekybininkai\/#breadcrumb"},"inLanguage":"lt-LT","potentialAction":[{"@type":"ReadAction","target":["https:\/\/missioncontrols.com\/lt\/prekybininkai\/"]}]},{"@type":"ImageObject","inLanguage":"lt-LT","@id":"https:\/\/missioncontrols.com\/lt\/prekybininkai\/#primaryimage","url":"http:\/\/missioncontrols.com\/wp-content\/uploads\/2019\/10\/distributor-icon.png","contentUrl":"http:\/\/missioncontrols.com\/wp-content\/uploads\/2019\/10\/distributor-icon.png"},{"@type":"BreadcrumbList","@id":"https:\/\/missioncontrols.com\/lt\/prekybininkai\/#breadcrumb","itemListElement":[{"@type":"ListItem","position":1,"name":"Home","item":"https:\/\/missioncontrols.com\/lt\/"},{"@type":"ListItem","position":2,"name":"prekybininkai"}]},{"@type":"WebSite","@id":"https:\/\/missioncontrols.com\/nl\/#website","url":"https:\/\/missioncontrols.com\/nl\/","name":"Mission Controls","description":"Control Your Success","potentialAction":[{"@type":"SearchAction","target":{"@type":"EntryPoint","urlTemplate":"https:\/\/missioncontrols.com\/nl\/?s={search_term_string}"},"query-input":{"@type":"PropertyValueSpecification","valueRequired":true,"valueName":"search_term_string"}}],"inLanguage":"lt-LT"}]}},"_links":{"self":[{"href":"https:\/\/missioncontrols.com\/lt\/wp-json\/wp\/v2\/pages\/3548","targetHints":{"allow":["GET"]}}],"collection":[{"href":"https:\/\/missioncontrols.com\/lt\/wp-json\/wp\/v2\/pages"}],"about":[{"href":"https:\/\/missioncontrols.com\/lt\/wp-json\/wp\/v2\/types\/page"}],"author":[{"embeddable":true,"href":"https:\/\/missioncontrols.com\/lt\/wp-json\/wp\/v2\/users\/1"}],"replies":[{"embeddable":true,"href":"https:\/\/missioncontrols.com\/lt\/wp-json\/wp\/v2\/comments?post=3548"}],"version-history":[{"count":3,"href":"https:\/\/missioncontrols.com\/lt\/wp-json\/wp\/v2\/pages\/3548\/revisions"}],"predecessor-version":[{"id":5769,"href":"https:\/\/missioncontrols.com\/lt\/wp-json\/wp\/v2\/pages\/3548\/revisions\/5769"}],"wp:attachment":[{"href":"https:\/\/missioncontrols.com\/lt\/wp-json\/wp\/v2\/media?parent=3548"}],"curies":[{"name":"wp","href":"https:\/\/api.w.org\/{rel}","templated":true}]}}