{"id":3564,"date":"2019-10-01T15:50:23","date_gmt":"2019-10-01T15:50:23","guid":{"rendered":"http:\/\/missioncontrols.com\/products\/supersilent\/"},"modified":"2020-02-27T11:33:40","modified_gmt":"2020-02-27T11:33:40","slug":"supersilent","status":"publish","type":"product","link":"https:\/\/missioncontrols.com\/lt\/product\/supersilent\/","title":{"rendered":"SuperSilent\u2122"},"content":{"rendered":"<ul>\n<li>Ypa\u010dtylus ir dinami\u0161kas ventiliatoriaus grei\u010dio valdymas<\/li>\n<li>Taupo energij\u0105<\/li>\n<li>Nustatytos temperat\u016bros jutiklis (NTC 3 m)<\/li>\n<li>Nustatytas \u201eNight-Pulse\u2122\u201c jutiklis (LDR 3 m)<\/li>\n<li>N\u0117ra vibracijos. Nekenkia varikliams<\/li>\n<li>Integruotasis sieninis laikiklis<\/li>\n<li>Maitinimo laidas (3 m)<\/li>\n<li>2 met\u0173 garantija<\/li>\n<li>CE patvirtintas<\/li>\n<\/ul>\n","protected":false},"excerpt":{"rendered":"<p>Ypa\u010dtylus ir dinami\u0161kas ventiliatoriaus grei\u010dio valdymas Taupo energij\u0105 Nustatytos temperat\u016bros jutiklis (NTC 3 m) Nustatytas \u201eNight-Pulse\u2122\u201c jutiklis (LDR 3 m) N\u0117ra vibracijos. Nekenkia varikliams Integruotasis sieninis laikiklis Maitinimo laidas (3 m) 2 met\u0173 garantija CE patvirtintas<\/p>\n","protected":false},"featured_media":7334,"template":"","meta":{"_acf_changed":false},"product_cat":[323],"product_tag":[],"class_list":{"0":"post-3564","1":"product","2":"type-product","3":"status-publish","4":"has-post-thumbnail","6":"product_cat-featured-lt","7":"pa_amps-4-0-amps-lt","8":"pa_amps-8-0-amps-lt","9":"pa_amps-16-0-amps-lt","10":"pa_features-enviro-sense-lt","11":"pa_features-fluid-motion-lt","12":"pa_features-optimized-airflow-lt","13":"pa_features-night-pulse-lt","14":"pa_features-perfect-sine-lt","15":"pa_features-no-humm-lt","17":"first","18":"instock","19":"shipping-taxable","20":"purchasable","21":"product-type-simple"},"acf":[],"yoast_head":"<!-- This site is optimized with the Yoast SEO plugin v26.4 - https:\/\/yoast.com\/wordpress\/plugins\/seo\/ -->\n<title>SuperSilent\u2122 - Mission Controls<\/title>\n<meta name=\"robots\" content=\"index, follow, max-snippet:-1, max-image-preview:large, max-video-preview:-1\" \/>\n<link rel=\"canonical\" href=\"https:\/\/missioncontrols.com\/lt\/product\/supersilent\/\" \/>\n<meta property=\"og:locale\" content=\"lt_LT\" \/>\n<meta property=\"og:type\" content=\"article\" \/>\n<meta property=\"og:title\" content=\"SuperSilent\u2122 - Mission Controls\" \/>\n<meta property=\"og:description\" content=\"Ypa\u010dtylus ir dinami\u0161kas ventiliatoriaus grei\u010dio valdymas Taupo energij\u0105 Nustatytos temperat\u016bros jutiklis (NTC 3 m) Nustatytas \u201eNight-Pulse\u2122\u201c jutiklis (LDR 3 m) N\u0117ra vibracijos. Nekenkia varikliams Integruotasis sieninis laikiklis Maitinimo laidas (3 m) 2 met\u0173 garantija CE patvirtintas\" \/>\n<meta property=\"og:url\" content=\"https:\/\/missioncontrols.com\/lt\/product\/supersilent\/\" \/>\n<meta property=\"og:site_name\" content=\"Mission Controls\" \/>\n<meta property=\"article:modified_time\" content=\"2020-02-27T11:33:40+00:00\" \/>\n<meta property=\"og:image\" content=\"https:\/\/missioncontrols.com\/wp-content\/uploads\/2019\/10\/06311-SuperSilent-Temperature-Controller-600px-1.jpg\" \/>\n\t<meta property=\"og:image:width\" content=\"600\" \/>\n\t<meta property=\"og:image:height\" content=\"600\" \/>\n\t<meta property=\"og:image:type\" content=\"image\/jpeg\" \/>\n<meta name=\"twitter:card\" content=\"summary_large_image\" \/>\n<script type=\"application\/ld+json\" class=\"yoast-schema-graph\">{\"@context\":\"https:\/\/schema.org\",\"@graph\":[{\"@type\":\"WebPage\",\"@id\":\"https:\/\/missioncontrols.com\/lt\/product\/supersilent\/\",\"url\":\"https:\/\/missioncontrols.com\/lt\/product\/supersilent\/\",\"name\":\"SuperSilent\u2122 - Mission Controls\",\"isPartOf\":{\"@id\":\"https:\/\/missioncontrols.com\/nl\/#website\"},\"primaryImageOfPage\":{\"@id\":\"https:\/\/missioncontrols.com\/lt\/product\/supersilent\/#primaryimage\"},\"image\":{\"@id\":\"https:\/\/missioncontrols.com\/lt\/product\/supersilent\/#primaryimage\"},\"thumbnailUrl\":\"https:\/\/missioncontrols.com\/wp-content\/uploads\/2019\/10\/06311-SuperSilent-Temperature-Controller-600px-1.jpg\",\"datePublished\":\"2019-10-01T15:50:23+00:00\",\"dateModified\":\"2020-02-27T11:33:40+00:00\",\"breadcrumb\":{\"@id\":\"https:\/\/missioncontrols.com\/lt\/product\/supersilent\/#breadcrumb\"},\"inLanguage\":\"lt-LT\",\"potentialAction\":[{\"@type\":\"ReadAction\",\"target\":[\"https:\/\/missioncontrols.com\/lt\/product\/supersilent\/\"]}]},{\"@type\":\"ImageObject\",\"inLanguage\":\"lt-LT\",\"@id\":\"https:\/\/missioncontrols.com\/lt\/product\/supersilent\/#primaryimage\",\"url\":\"https:\/\/missioncontrols.com\/wp-content\/uploads\/2019\/10\/06311-SuperSilent-Temperature-Controller-600px-1.jpg\",\"contentUrl\":\"https:\/\/missioncontrols.com\/wp-content\/uploads\/2019\/10\/06311-SuperSilent-Temperature-Controller-600px-1.jpg\",\"width\":600,\"height\":600},{\"@type\":\"BreadcrumbList\",\"@id\":\"https:\/\/missioncontrols.com\/lt\/product\/supersilent\/#breadcrumb\",\"itemListElement\":[{\"@type\":\"ListItem\",\"position\":1,\"name\":\"Home\",\"item\":\"https:\/\/missioncontrols.com\/lt\/\"},{\"@type\":\"ListItem\",\"position\":2,\"name\":\"Products\",\"item\":\"https:\/\/missioncontrols.com\/products\/\"},{\"@type\":\"ListItem\",\"position\":3,\"name\":\"SuperSilent\u2122\"}]},{\"@type\":\"WebSite\",\"@id\":\"https:\/\/missioncontrols.com\/nl\/#website\",\"url\":\"https:\/\/missioncontrols.com\/nl\/\",\"name\":\"Mission Controls\",\"description\":\"Control Your Success\",\"potentialAction\":[{\"@type\":\"SearchAction\",\"target\":{\"@type\":\"EntryPoint\",\"urlTemplate\":\"https:\/\/missioncontrols.com\/nl\/?s={search_term_string}\"},\"query-input\":{\"@type\":\"PropertyValueSpecification\",\"valueRequired\":true,\"valueName\":\"search_term_string\"}}],\"inLanguage\":\"lt-LT\"}]}<\/script>\n<!-- \/ Yoast SEO plugin. -->","yoast_head_json":{"title":"SuperSilent\u2122 - Mission Controls","robots":{"index":"index","follow":"follow","max-snippet":"max-snippet:-1","max-image-preview":"max-image-preview:large","max-video-preview":"max-video-preview:-1"},"canonical":"https:\/\/missioncontrols.com\/lt\/product\/supersilent\/","og_locale":"lt_LT","og_type":"article","og_title":"SuperSilent\u2122 - Mission Controls","og_description":"Ypa\u010dtylus ir dinami\u0161kas ventiliatoriaus grei\u010dio valdymas Taupo energij\u0105 Nustatytos temperat\u016bros jutiklis (NTC 3 m) Nustatytas \u201eNight-Pulse\u2122\u201c jutiklis (LDR 3 m) N\u0117ra vibracijos. Nekenkia varikliams Integruotasis sieninis laikiklis Maitinimo laidas (3 m) 2 met\u0173 garantija CE patvirtintas","og_url":"https:\/\/missioncontrols.com\/lt\/product\/supersilent\/","og_site_name":"Mission Controls","article_modified_time":"2020-02-27T11:33:40+00:00","og_image":[{"width":600,"height":600,"url":"https:\/\/missioncontrols.com\/wp-content\/uploads\/2019\/10\/06311-SuperSilent-Temperature-Controller-600px-1.jpg","type":"image\/jpeg"}],"twitter_card":"summary_large_image","schema":{"@context":"https:\/\/schema.org","@graph":[{"@type":"WebPage","@id":"https:\/\/missioncontrols.com\/lt\/product\/supersilent\/","url":"https:\/\/missioncontrols.com\/lt\/product\/supersilent\/","name":"SuperSilent\u2122 - Mission Controls","isPartOf":{"@id":"https:\/\/missioncontrols.com\/nl\/#website"},"primaryImageOfPage":{"@id":"https:\/\/missioncontrols.com\/lt\/product\/supersilent\/#primaryimage"},"image":{"@id":"https:\/\/missioncontrols.com\/lt\/product\/supersilent\/#primaryimage"},"thumbnailUrl":"https:\/\/missioncontrols.com\/wp-content\/uploads\/2019\/10\/06311-SuperSilent-Temperature-Controller-600px-1.jpg","datePublished":"2019-10-01T15:50:23+00:00","dateModified":"2020-02-27T11:33:40+00:00","breadcrumb":{"@id":"https:\/\/missioncontrols.com\/lt\/product\/supersilent\/#breadcrumb"},"inLanguage":"lt-LT","potentialAction":[{"@type":"ReadAction","target":["https:\/\/missioncontrols.com\/lt\/product\/supersilent\/"]}]},{"@type":"ImageObject","inLanguage":"lt-LT","@id":"https:\/\/missioncontrols.com\/lt\/product\/supersilent\/#primaryimage","url":"https:\/\/missioncontrols.com\/wp-content\/uploads\/2019\/10\/06311-SuperSilent-Temperature-Controller-600px-1.jpg","contentUrl":"https:\/\/missioncontrols.com\/wp-content\/uploads\/2019\/10\/06311-SuperSilent-Temperature-Controller-600px-1.jpg","width":600,"height":600},{"@type":"BreadcrumbList","@id":"https:\/\/missioncontrols.com\/lt\/product\/supersilent\/#breadcrumb","itemListElement":[{"@type":"ListItem","position":1,"name":"Home","item":"https:\/\/missioncontrols.com\/lt\/"},{"@type":"ListItem","position":2,"name":"Products","item":"https:\/\/missioncontrols.com\/products\/"},{"@type":"ListItem","position":3,"name":"SuperSilent\u2122"}]},{"@type":"WebSite","@id":"https:\/\/missioncontrols.com\/nl\/#website","url":"https:\/\/missioncontrols.com\/nl\/","name":"Mission Controls","description":"Control Your Success","potentialAction":[{"@type":"SearchAction","target":{"@type":"EntryPoint","urlTemplate":"https:\/\/missioncontrols.com\/nl\/?s={search_term_string}"},"query-input":{"@type":"PropertyValueSpecification","valueRequired":true,"valueName":"search_term_string"}}],"inLanguage":"lt-LT"}]}},"_links":{"self":[{"href":"https:\/\/missioncontrols.com\/lt\/wp-json\/wp\/v2\/product\/3564","targetHints":{"allow":["GET"]}}],"collection":[{"href":"https:\/\/missioncontrols.com\/lt\/wp-json\/wp\/v2\/product"}],"about":[{"href":"https:\/\/missioncontrols.com\/lt\/wp-json\/wp\/v2\/types\/product"}],"wp:featuredmedia":[{"embeddable":true,"href":"https:\/\/missioncontrols.com\/lt\/wp-json\/wp\/v2\/media\/7334"}],"wp:attachment":[{"href":"https:\/\/missioncontrols.com\/lt\/wp-json\/wp\/v2\/media?parent=3564"}],"wp:term":[{"taxonomy":"product_cat","embeddable":true,"href":"https:\/\/missioncontrols.com\/lt\/wp-json\/wp\/v2\/product_cat?post=3564"},{"taxonomy":"product_tag","embeddable":true,"href":"https:\/\/missioncontrols.com\/lt\/wp-json\/wp\/v2\/product_tag?post=3564"}],"curies":[{"name":"wp","href":"https:\/\/api.w.org\/{rel}","templated":true}]}}