{"id":3362,"date":"2020-01-17T11:29:01","date_gmt":"2020-01-17T11:29:01","guid":{"rendered":"http:\/\/missioncontrols.com\/informacje\/"},"modified":"2020-05-06T10:13:38","modified_gmt":"2020-05-06T10:13:38","slug":"informacje","status":"publish","type":"page","link":"https:\/\/missioncontrols.com\/pl\/informacje\/","title":{"rendered":"informacje"},"content":{"rendered":"<h1>\n\t<\/h1>\n\t<h3>KIM JEST FIRMA MISSION CONTROLS\u00ae?<\/h3>\n<p>Firma Mission Controls\u00ae posiada ponad dwadzie\u015bcia lat do\u015bwiadczenia w zakresie kontroli klimatu w ogrodnictwie. Tworzymy produkty, kt\u00f3re s\u0105 odporne na trudne warunki panuj\u0105ce w ogrodnictwie szklarniowym, a nasze systemy i procesy s\u0105 wdra\u017cane na ca\u0142ym \u015bwiecie. Firma Mission Controls\u00ae dysponuje odpowiednim dla Ciebie rozwi\u0105zaniem \u2014 niezale\u017cnie od wielko\u015bci Twojej dzia\u0142alno\u015bci.<\/p>\n<h3>CO NAS ODR\u00d3\u017bNIA?<\/h3>\n<p>Firma Mission Controls\u00ae rozumie, \u017ce w szybko rozwijaj\u0105cej si\u0119 i konkurencyjnej bran\u017cy nasi u\u017cytkownicy potrzebuj\u0105 najnowszych i najbardziej efektywnych system\u00f3w sterowania, aby osi\u0105gn\u0105\u0107 w\u0142asne cele produkcyjne. Aby sprosta\u0107 tym wyzwaniom, wsp\u00f3\u0142pracujemy z naszymi klientami w tworzeniu idei, a tak\u017ce projektowaniu i testowaniu, dzi\u0119ki czemu nasze produkty spe\u0142niaj\u0105 wymagania naszych u\u017cytkownik\u00f3w. Prosimy o kontakt w celu przekazania uwag i sugestii dotycz\u0105cych naszych produkt\u00f3w.<\/p>","protected":false},"excerpt":{"rendered":"<p>KIM JEST FIRMA MISSION CONTROLS\u00ae? Firma Mission Controls\u00ae posiada ponad dwadzie\u015bcia lat do\u015bwiadczenia w zakresie kontroli klimatu w ogrodnictwie. Tworzymy produkty, kt\u00f3re s\u0105 odporne na trudne warunki panuj\u0105ce w ogrodnictwie szklarniowym, a nasze systemy i procesy s\u0105 wdra\u017cane na ca\u0142ym \u015bwiecie. Firma Mission Controls\u00ae dysponuje odpowiednim dla Ciebie rozwi\u0105zaniem \u2014 niezale\u017cnie od wielko\u015bci Twojej dzia\u0142alno\u015bci.&hellip;<\/p>\n","protected":false},"author":1,"featured_media":0,"parent":0,"menu_order":74,"comment_status":"closed","ping_status":"closed","template":"","meta":{"_acf_changed":false,"footnotes":""},"class_list":["post-3362","page","type-page","status-publish","hentry"],"acf":[],"yoast_head":"<!-- This site is optimized with the Yoast SEO plugin v26.4 - https:\/\/yoast.com\/wordpress\/plugins\/seo\/ -->\n<title>informacje - Mission Controls<\/title>\n<meta name=\"robots\" content=\"index, follow, max-snippet:-1, max-image-preview:large, max-video-preview:-1\" \/>\n<link rel=\"canonical\" href=\"https:\/\/missioncontrols.com\/pl\/informacje\/\" \/>\n<meta property=\"og:locale\" content=\"pl_PL\" \/>\n<meta property=\"og:type\" content=\"article\" \/>\n<meta property=\"og:title\" content=\"informacje - Mission Controls\" \/>\n<meta property=\"og:description\" content=\"KIM JEST FIRMA MISSION CONTROLS\u00ae? Firma Mission Controls\u00ae posiada ponad dwadzie\u015bcia lat do\u015bwiadczenia w zakresie kontroli klimatu w ogrodnictwie. Tworzymy produkty, kt\u00f3re s\u0105 odporne na trudne warunki panuj\u0105ce w ogrodnictwie szklarniowym, a nasze systemy i procesy s\u0105 wdra\u017cane na ca\u0142ym \u015bwiecie. Firma Mission Controls\u00ae dysponuje odpowiednim dla Ciebie rozwi\u0105zaniem \u2014 niezale\u017cnie od wielko\u015bci Twojej dzia\u0142alno\u015bci.&hellip;\" \/>\n<meta property=\"og:url\" content=\"https:\/\/missioncontrols.com\/pl\/informacje\/\" \/>\n<meta property=\"og:site_name\" content=\"Mission Controls\" \/>\n<meta property=\"article:modified_time\" content=\"2020-05-06T10:13:38+00:00\" \/>\n<meta name=\"twitter:card\" content=\"summary_large_image\" \/>\n<meta name=\"twitter:label1\" content=\"Szacowany czas czytania\" \/>\n\t<meta name=\"twitter:data1\" content=\"1 minuta\" \/>\n<script type=\"application\/ld+json\" class=\"yoast-schema-graph\">{\"@context\":\"https:\/\/schema.org\",\"@graph\":[{\"@type\":\"WebPage\",\"@id\":\"https:\/\/missioncontrols.com\/pl\/informacje\/\",\"url\":\"https:\/\/missioncontrols.com\/pl\/informacje\/\",\"name\":\"informacje - Mission Controls\",\"isPartOf\":{\"@id\":\"https:\/\/missioncontrols.com\/nl\/#website\"},\"datePublished\":\"2020-01-17T11:29:01+00:00\",\"dateModified\":\"2020-05-06T10:13:38+00:00\",\"breadcrumb\":{\"@id\":\"https:\/\/missioncontrols.com\/pl\/informacje\/#breadcrumb\"},\"inLanguage\":\"pl-PL\",\"potentialAction\":[{\"@type\":\"ReadAction\",\"target\":[\"https:\/\/missioncontrols.com\/pl\/informacje\/\"]}]},{\"@type\":\"BreadcrumbList\",\"@id\":\"https:\/\/missioncontrols.com\/pl\/informacje\/#breadcrumb\",\"itemListElement\":[{\"@type\":\"ListItem\",\"position\":1,\"name\":\"Home\",\"item\":\"https:\/\/missioncontrols.com\/pl\/\"},{\"@type\":\"ListItem\",\"position\":2,\"name\":\"informacje\"}]},{\"@type\":\"WebSite\",\"@id\":\"https:\/\/missioncontrols.com\/nl\/#website\",\"url\":\"https:\/\/missioncontrols.com\/nl\/\",\"name\":\"Mission Controls\",\"description\":\"Control Your Success\",\"potentialAction\":[{\"@type\":\"SearchAction\",\"target\":{\"@type\":\"EntryPoint\",\"urlTemplate\":\"https:\/\/missioncontrols.com\/nl\/?s={search_term_string}\"},\"query-input\":{\"@type\":\"PropertyValueSpecification\",\"valueRequired\":true,\"valueName\":\"search_term_string\"}}],\"inLanguage\":\"pl-PL\"}]}<\/script>\n<!-- \/ Yoast SEO plugin. -->","yoast_head_json":{"title":"informacje - Mission Controls","robots":{"index":"index","follow":"follow","max-snippet":"max-snippet:-1","max-image-preview":"max-image-preview:large","max-video-preview":"max-video-preview:-1"},"canonical":"https:\/\/missioncontrols.com\/pl\/informacje\/","og_locale":"pl_PL","og_type":"article","og_title":"informacje - Mission Controls","og_description":"KIM JEST FIRMA MISSION CONTROLS\u00ae? Firma Mission Controls\u00ae posiada ponad dwadzie\u015bcia lat do\u015bwiadczenia w zakresie kontroli klimatu w ogrodnictwie. Tworzymy produkty, kt\u00f3re s\u0105 odporne na trudne warunki panuj\u0105ce w ogrodnictwie szklarniowym, a nasze systemy i procesy s\u0105 wdra\u017cane na ca\u0142ym \u015bwiecie. Firma Mission Controls\u00ae dysponuje odpowiednim dla Ciebie rozwi\u0105zaniem \u2014 niezale\u017cnie od wielko\u015bci Twojej dzia\u0142alno\u015bci.&hellip;","og_url":"https:\/\/missioncontrols.com\/pl\/informacje\/","og_site_name":"Mission Controls","article_modified_time":"2020-05-06T10:13:38+00:00","twitter_card":"summary_large_image","twitter_misc":{"Szacowany czas czytania":"1 minuta"},"schema":{"@context":"https:\/\/schema.org","@graph":[{"@type":"WebPage","@id":"https:\/\/missioncontrols.com\/pl\/informacje\/","url":"https:\/\/missioncontrols.com\/pl\/informacje\/","name":"informacje - Mission Controls","isPartOf":{"@id":"https:\/\/missioncontrols.com\/nl\/#website"},"datePublished":"2020-01-17T11:29:01+00:00","dateModified":"2020-05-06T10:13:38+00:00","breadcrumb":{"@id":"https:\/\/missioncontrols.com\/pl\/informacje\/#breadcrumb"},"inLanguage":"pl-PL","potentialAction":[{"@type":"ReadAction","target":["https:\/\/missioncontrols.com\/pl\/informacje\/"]}]},{"@type":"BreadcrumbList","@id":"https:\/\/missioncontrols.com\/pl\/informacje\/#breadcrumb","itemListElement":[{"@type":"ListItem","position":1,"name":"Home","item":"https:\/\/missioncontrols.com\/pl\/"},{"@type":"ListItem","position":2,"name":"informacje"}]},{"@type":"WebSite","@id":"https:\/\/missioncontrols.com\/nl\/#website","url":"https:\/\/missioncontrols.com\/nl\/","name":"Mission Controls","description":"Control Your Success","potentialAction":[{"@type":"SearchAction","target":{"@type":"EntryPoint","urlTemplate":"https:\/\/missioncontrols.com\/nl\/?s={search_term_string}"},"query-input":{"@type":"PropertyValueSpecification","valueRequired":true,"valueName":"search_term_string"}}],"inLanguage":"pl-PL"}]}},"_links":{"self":[{"href":"https:\/\/missioncontrols.com\/pl\/wp-json\/wp\/v2\/pages\/3362","targetHints":{"allow":["GET"]}}],"collection":[{"href":"https:\/\/missioncontrols.com\/pl\/wp-json\/wp\/v2\/pages"}],"about":[{"href":"https:\/\/missioncontrols.com\/pl\/wp-json\/wp\/v2\/types\/page"}],"author":[{"embeddable":true,"href":"https:\/\/missioncontrols.com\/pl\/wp-json\/wp\/v2\/users\/1"}],"replies":[{"embeddable":true,"href":"https:\/\/missioncontrols.com\/pl\/wp-json\/wp\/v2\/comments?post=3362"}],"version-history":[{"count":2,"href":"https:\/\/missioncontrols.com\/pl\/wp-json\/wp\/v2\/pages\/3362\/revisions"}],"predecessor-version":[{"id":5756,"href":"https:\/\/missioncontrols.com\/pl\/wp-json\/wp\/v2\/pages\/3362\/revisions\/5756"}],"wp:attachment":[{"href":"https:\/\/missioncontrols.com\/pl\/wp-json\/wp\/v2\/media?parent=3362"}],"curies":[{"name":"wp","href":"https:\/\/api.w.org\/{rel}","templated":true}]}}