{"id":3381,"date":"2019-07-12T14:31:51","date_gmt":"2019-07-12T14:31:51","guid":{"rendered":"http:\/\/missioncontrols.com\/products\/logicfan\/"},"modified":"2020-02-27T11:43:03","modified_gmt":"2020-02-27T11:43:03","slug":"logicfan","status":"publish","type":"product","link":"https:\/\/missioncontrols.com\/pl\/product\/logicfan\/","title":{"rendered":"Logicfan\u2122"},"content":{"rendered":"<ul>\n<li>Tryb podw\u00f3jny<\/li>\n<li>Kompaktowa konstrukcja<\/li>\n<li>Nie zas\u0142ania s\u0105siednich gniazd<\/li>\n<li>Zintegrowana wtyczka<\/li>\n<li>Sta\u0142y czujnik temperatury NTC 3 m<\/li>\n<li>Certyfikat CE<\/li>\n<li>Dwuletnia gwarancja<\/li>\n<\/ul>\n","protected":false},"excerpt":{"rendered":"<p>Tryb podw\u00f3jny Kompaktowa konstrukcja Nie zas\u0142ania s\u0105siednich gniazd Zintegrowana wtyczka Sta\u0142y czujnik temperatury NTC 3 m Certyfikat CE Dwuletnia gwarancja<\/p>\n","protected":false},"featured_media":7137,"template":"","meta":{"_acf_changed":false},"product_cat":[250],"product_tag":[],"class_list":{"0":"post-3381","1":"product","2":"type-product","3":"status-publish","4":"has-post-thumbnail","6":"product_cat-uncategorised-pl","7":"pa_amps-6-5-amps-pl","8":"pa_features-enviro-sense-pl","9":"pa_features-fluid-motion-pl","11":"first","12":"instock","13":"shipping-taxable","14":"purchasable","15":"product-type-simple"},"acf":[],"yoast_head":"<!-- This site is optimized with the Yoast SEO plugin v26.4 - https:\/\/yoast.com\/wordpress\/plugins\/seo\/ -->\n<title>Logicfan\u2122 - Mission Controls<\/title>\n<meta name=\"robots\" content=\"index, follow, max-snippet:-1, max-image-preview:large, max-video-preview:-1\" \/>\n<link rel=\"canonical\" href=\"https:\/\/missioncontrols.com\/pl\/product\/logicfan\/\" \/>\n<meta property=\"og:locale\" content=\"pl_PL\" \/>\n<meta property=\"og:type\" content=\"article\" \/>\n<meta property=\"og:title\" content=\"Logicfan\u2122 - Mission Controls\" \/>\n<meta property=\"og:description\" content=\"Tryb podw\u00f3jny Kompaktowa konstrukcja Nie zas\u0142ania s\u0105siednich gniazd Zintegrowana wtyczka Sta\u0142y czujnik temperatury NTC 3 m Certyfikat CE Dwuletnia gwarancja\" \/>\n<meta property=\"og:url\" content=\"https:\/\/missioncontrols.com\/pl\/product\/logicfan\/\" \/>\n<meta property=\"og:site_name\" content=\"Mission Controls\" \/>\n<meta property=\"article:modified_time\" content=\"2020-02-27T11:43:03+00:00\" \/>\n<meta property=\"og:image\" content=\"https:\/\/missioncontrols.com\/wp-content\/uploads\/2019\/07\/06318-LogicFan-Temperature-Controller-600px-1.jpg\" \/>\n\t<meta property=\"og:image:width\" content=\"600\" \/>\n\t<meta property=\"og:image:height\" content=\"600\" \/>\n\t<meta property=\"og:image:type\" content=\"image\/jpeg\" \/>\n<meta name=\"twitter:card\" content=\"summary_large_image\" \/>\n<script type=\"application\/ld+json\" class=\"yoast-schema-graph\">{\"@context\":\"https:\/\/schema.org\",\"@graph\":[{\"@type\":\"WebPage\",\"@id\":\"https:\/\/missioncontrols.com\/pl\/product\/logicfan\/\",\"url\":\"https:\/\/missioncontrols.com\/pl\/product\/logicfan\/\",\"name\":\"Logicfan\u2122 - Mission Controls\",\"isPartOf\":{\"@id\":\"https:\/\/missioncontrols.com\/nl\/#website\"},\"primaryImageOfPage\":{\"@id\":\"https:\/\/missioncontrols.com\/pl\/product\/logicfan\/#primaryimage\"},\"image\":{\"@id\":\"https:\/\/missioncontrols.com\/pl\/product\/logicfan\/#primaryimage\"},\"thumbnailUrl\":\"https:\/\/missioncontrols.com\/wp-content\/uploads\/2019\/07\/06318-LogicFan-Temperature-Controller-600px-1.jpg\",\"datePublished\":\"2019-07-12T14:31:51+00:00\",\"dateModified\":\"2020-02-27T11:43:03+00:00\",\"breadcrumb\":{\"@id\":\"https:\/\/missioncontrols.com\/pl\/product\/logicfan\/#breadcrumb\"},\"inLanguage\":\"pl-PL\",\"potentialAction\":[{\"@type\":\"ReadAction\",\"target\":[\"https:\/\/missioncontrols.com\/pl\/product\/logicfan\/\"]}]},{\"@type\":\"ImageObject\",\"inLanguage\":\"pl-PL\",\"@id\":\"https:\/\/missioncontrols.com\/pl\/product\/logicfan\/#primaryimage\",\"url\":\"https:\/\/missioncontrols.com\/wp-content\/uploads\/2019\/07\/06318-LogicFan-Temperature-Controller-600px-1.jpg\",\"contentUrl\":\"https:\/\/missioncontrols.com\/wp-content\/uploads\/2019\/07\/06318-LogicFan-Temperature-Controller-600px-1.jpg\",\"width\":600,\"height\":600},{\"@type\":\"BreadcrumbList\",\"@id\":\"https:\/\/missioncontrols.com\/pl\/product\/logicfan\/#breadcrumb\",\"itemListElement\":[{\"@type\":\"ListItem\",\"position\":1,\"name\":\"Home\",\"item\":\"https:\/\/missioncontrols.com\/pl\/\"},{\"@type\":\"ListItem\",\"position\":2,\"name\":\"Products\",\"item\":\"https:\/\/missioncontrols.com\/products\/\"},{\"@type\":\"ListItem\",\"position\":3,\"name\":\"Logicfan\u2122\"}]},{\"@type\":\"WebSite\",\"@id\":\"https:\/\/missioncontrols.com\/nl\/#website\",\"url\":\"https:\/\/missioncontrols.com\/nl\/\",\"name\":\"Mission Controls\",\"description\":\"Control Your Success\",\"potentialAction\":[{\"@type\":\"SearchAction\",\"target\":{\"@type\":\"EntryPoint\",\"urlTemplate\":\"https:\/\/missioncontrols.com\/nl\/?s={search_term_string}\"},\"query-input\":{\"@type\":\"PropertyValueSpecification\",\"valueRequired\":true,\"valueName\":\"search_term_string\"}}],\"inLanguage\":\"pl-PL\"}]}<\/script>\n<!-- \/ Yoast SEO plugin. -->","yoast_head_json":{"title":"Logicfan\u2122 - Mission Controls","robots":{"index":"index","follow":"follow","max-snippet":"max-snippet:-1","max-image-preview":"max-image-preview:large","max-video-preview":"max-video-preview:-1"},"canonical":"https:\/\/missioncontrols.com\/pl\/product\/logicfan\/","og_locale":"pl_PL","og_type":"article","og_title":"Logicfan\u2122 - Mission Controls","og_description":"Tryb podw\u00f3jny Kompaktowa konstrukcja Nie zas\u0142ania s\u0105siednich gniazd Zintegrowana wtyczka Sta\u0142y czujnik temperatury NTC 3 m Certyfikat CE Dwuletnia gwarancja","og_url":"https:\/\/missioncontrols.com\/pl\/product\/logicfan\/","og_site_name":"Mission Controls","article_modified_time":"2020-02-27T11:43:03+00:00","og_image":[{"width":600,"height":600,"url":"https:\/\/missioncontrols.com\/wp-content\/uploads\/2019\/07\/06318-LogicFan-Temperature-Controller-600px-1.jpg","type":"image\/jpeg"}],"twitter_card":"summary_large_image","schema":{"@context":"https:\/\/schema.org","@graph":[{"@type":"WebPage","@id":"https:\/\/missioncontrols.com\/pl\/product\/logicfan\/","url":"https:\/\/missioncontrols.com\/pl\/product\/logicfan\/","name":"Logicfan\u2122 - Mission Controls","isPartOf":{"@id":"https:\/\/missioncontrols.com\/nl\/#website"},"primaryImageOfPage":{"@id":"https:\/\/missioncontrols.com\/pl\/product\/logicfan\/#primaryimage"},"image":{"@id":"https:\/\/missioncontrols.com\/pl\/product\/logicfan\/#primaryimage"},"thumbnailUrl":"https:\/\/missioncontrols.com\/wp-content\/uploads\/2019\/07\/06318-LogicFan-Temperature-Controller-600px-1.jpg","datePublished":"2019-07-12T14:31:51+00:00","dateModified":"2020-02-27T11:43:03+00:00","breadcrumb":{"@id":"https:\/\/missioncontrols.com\/pl\/product\/logicfan\/#breadcrumb"},"inLanguage":"pl-PL","potentialAction":[{"@type":"ReadAction","target":["https:\/\/missioncontrols.com\/pl\/product\/logicfan\/"]}]},{"@type":"ImageObject","inLanguage":"pl-PL","@id":"https:\/\/missioncontrols.com\/pl\/product\/logicfan\/#primaryimage","url":"https:\/\/missioncontrols.com\/wp-content\/uploads\/2019\/07\/06318-LogicFan-Temperature-Controller-600px-1.jpg","contentUrl":"https:\/\/missioncontrols.com\/wp-content\/uploads\/2019\/07\/06318-LogicFan-Temperature-Controller-600px-1.jpg","width":600,"height":600},{"@type":"BreadcrumbList","@id":"https:\/\/missioncontrols.com\/pl\/product\/logicfan\/#breadcrumb","itemListElement":[{"@type":"ListItem","position":1,"name":"Home","item":"https:\/\/missioncontrols.com\/pl\/"},{"@type":"ListItem","position":2,"name":"Products","item":"https:\/\/missioncontrols.com\/products\/"},{"@type":"ListItem","position":3,"name":"Logicfan\u2122"}]},{"@type":"WebSite","@id":"https:\/\/missioncontrols.com\/nl\/#website","url":"https:\/\/missioncontrols.com\/nl\/","name":"Mission Controls","description":"Control Your Success","potentialAction":[{"@type":"SearchAction","target":{"@type":"EntryPoint","urlTemplate":"https:\/\/missioncontrols.com\/nl\/?s={search_term_string}"},"query-input":{"@type":"PropertyValueSpecification","valueRequired":true,"valueName":"search_term_string"}}],"inLanguage":"pl-PL"}]}},"_links":{"self":[{"href":"https:\/\/missioncontrols.com\/pl\/wp-json\/wp\/v2\/product\/3381","targetHints":{"allow":["GET"]}}],"collection":[{"href":"https:\/\/missioncontrols.com\/pl\/wp-json\/wp\/v2\/product"}],"about":[{"href":"https:\/\/missioncontrols.com\/pl\/wp-json\/wp\/v2\/types\/product"}],"wp:featuredmedia":[{"embeddable":true,"href":"https:\/\/missioncontrols.com\/pl\/wp-json\/wp\/v2\/media\/7137"}],"wp:attachment":[{"href":"https:\/\/missioncontrols.com\/pl\/wp-json\/wp\/v2\/media?parent=3381"}],"wp:term":[{"taxonomy":"product_cat","embeddable":true,"href":"https:\/\/missioncontrols.com\/pl\/wp-json\/wp\/v2\/product_cat?post=3381"},{"taxonomy":"product_tag","embeddable":true,"href":"https:\/\/missioncontrols.com\/pl\/wp-json\/wp\/v2\/product_tag?post=3381"}],"curies":[{"name":"wp","href":"https:\/\/api.w.org\/{rel}","templated":true}]}}