{"id":3383,"date":"2019-07-12T14:31:56","date_gmt":"2019-07-12T14:31:56","guid":{"rendered":"http:\/\/missioncontrols.com\/products\/digistep\/"},"modified":"2020-02-27T11:44:46","modified_gmt":"2020-02-27T11:44:46","slug":"digistep","status":"publish","type":"product","link":"https:\/\/missioncontrols.com\/pl\/product\/digistep\/","title":{"rendered":"Digistep\u2122"},"content":{"rendered":"<ul>\n<li>Bardziej p\u0142ynny i precyzyjny sterownik typu \u201ehybrydowego\u201d<\/li>\n<li>Sta\u0142y czujnik temperatury NTC 3 m<\/li>\n<li>Sta\u0142y czujnik Night-Pulse\u2122 LDR 3m<\/li>\n<li>Zintegrowany uchwyt \u015bcienny<\/li>\n<li>Kabel zasilaj\u0105cy o d\u0142ugo\u015bci 3 m<\/li>\n<li>Dwuletnia gwarancja<\/li>\n<li>Certyfikat CE<\/li>\n<\/ul>\n","protected":false},"excerpt":{"rendered":"<p>Bardziej p\u0142ynny i precyzyjny sterownik typu \u201ehybrydowego\u201d Sta\u0142y czujnik temperatury NTC 3 m Sta\u0142y czujnik Night-Pulse\u2122 LDR 3m Zintegrowany uchwyt \u015bcienny Kabel zasilaj\u0105cy o d\u0142ugo\u015bci 3 m Dwuletnia gwarancja Certyfikat CE<\/p>\n","protected":false},"featured_media":7269,"template":"","meta":{"_acf_changed":false},"product_cat":[263],"product_tag":[],"class_list":{"0":"post-3383","1":"product","2":"type-product","3":"status-publish","4":"has-post-thumbnail","6":"product_cat-featured-pl","7":"pa_amps-4-0-amps-pl","8":"pa_amps-8-0-amps-pl","9":"pa_amps-16-0-amps-pl","10":"pa_features-enviro-sense-pl","11":"pa_features-optimized-airflow-pl","12":"pa_features-dynamic-mode-pl","13":"pa_features-night-pulse-pl","14":"pa_features-no-humm-pl","16":"first","17":"instock","18":"shipping-taxable","19":"purchasable","20":"product-type-simple"},"acf":[],"yoast_head":"<!-- This site is optimized with the Yoast SEO plugin v26.4 - https:\/\/yoast.com\/wordpress\/plugins\/seo\/ -->\n<title>Digistep\u2122 - Mission Controls<\/title>\n<meta name=\"robots\" content=\"index, follow, max-snippet:-1, max-image-preview:large, max-video-preview:-1\" \/>\n<link rel=\"canonical\" href=\"https:\/\/missioncontrols.com\/pl\/product\/digistep\/\" \/>\n<meta property=\"og:locale\" content=\"pl_PL\" \/>\n<meta property=\"og:type\" content=\"article\" \/>\n<meta property=\"og:title\" content=\"Digistep\u2122 - Mission Controls\" \/>\n<meta property=\"og:description\" content=\"Bardziej p\u0142ynny i precyzyjny sterownik typu \u201ehybrydowego\u201d Sta\u0142y czujnik temperatury NTC 3 m Sta\u0142y czujnik Night-Pulse\u2122 LDR 3m Zintegrowany uchwyt \u015bcienny Kabel zasilaj\u0105cy o d\u0142ugo\u015bci 3 m Dwuletnia gwarancja Certyfikat CE\" \/>\n<meta property=\"og:url\" content=\"https:\/\/missioncontrols.com\/pl\/product\/digistep\/\" \/>\n<meta property=\"og:site_name\" content=\"Mission Controls\" \/>\n<meta property=\"article:modified_time\" content=\"2020-02-27T11:44:46+00:00\" \/>\n<meta property=\"og:image\" content=\"https:\/\/missioncontrols.com\/wp-content\/uploads\/2019\/07\/06312-DigiStep-Temperature-Controller-600px-1.jpg\" \/>\n\t<meta property=\"og:image:width\" content=\"600\" \/>\n\t<meta property=\"og:image:height\" content=\"600\" \/>\n\t<meta property=\"og:image:type\" content=\"image\/jpeg\" \/>\n<meta name=\"twitter:card\" content=\"summary_large_image\" \/>\n<script type=\"application\/ld+json\" class=\"yoast-schema-graph\">{\"@context\":\"https:\/\/schema.org\",\"@graph\":[{\"@type\":\"WebPage\",\"@id\":\"https:\/\/missioncontrols.com\/pl\/product\/digistep\/\",\"url\":\"https:\/\/missioncontrols.com\/pl\/product\/digistep\/\",\"name\":\"Digistep\u2122 - Mission Controls\",\"isPartOf\":{\"@id\":\"https:\/\/missioncontrols.com\/nl\/#website\"},\"primaryImageOfPage\":{\"@id\":\"https:\/\/missioncontrols.com\/pl\/product\/digistep\/#primaryimage\"},\"image\":{\"@id\":\"https:\/\/missioncontrols.com\/pl\/product\/digistep\/#primaryimage\"},\"thumbnailUrl\":\"https:\/\/missioncontrols.com\/wp-content\/uploads\/2019\/07\/06312-DigiStep-Temperature-Controller-600px-1.jpg\",\"datePublished\":\"2019-07-12T14:31:56+00:00\",\"dateModified\":\"2020-02-27T11:44:46+00:00\",\"breadcrumb\":{\"@id\":\"https:\/\/missioncontrols.com\/pl\/product\/digistep\/#breadcrumb\"},\"inLanguage\":\"pl-PL\",\"potentialAction\":[{\"@type\":\"ReadAction\",\"target\":[\"https:\/\/missioncontrols.com\/pl\/product\/digistep\/\"]}]},{\"@type\":\"ImageObject\",\"inLanguage\":\"pl-PL\",\"@id\":\"https:\/\/missioncontrols.com\/pl\/product\/digistep\/#primaryimage\",\"url\":\"https:\/\/missioncontrols.com\/wp-content\/uploads\/2019\/07\/06312-DigiStep-Temperature-Controller-600px-1.jpg\",\"contentUrl\":\"https:\/\/missioncontrols.com\/wp-content\/uploads\/2019\/07\/06312-DigiStep-Temperature-Controller-600px-1.jpg\",\"width\":600,\"height\":600},{\"@type\":\"BreadcrumbList\",\"@id\":\"https:\/\/missioncontrols.com\/pl\/product\/digistep\/#breadcrumb\",\"itemListElement\":[{\"@type\":\"ListItem\",\"position\":1,\"name\":\"Home\",\"item\":\"https:\/\/missioncontrols.com\/pl\/\"},{\"@type\":\"ListItem\",\"position\":2,\"name\":\"Products\",\"item\":\"https:\/\/missioncontrols.com\/products\/\"},{\"@type\":\"ListItem\",\"position\":3,\"name\":\"Digistep\u2122\"}]},{\"@type\":\"WebSite\",\"@id\":\"https:\/\/missioncontrols.com\/nl\/#website\",\"url\":\"https:\/\/missioncontrols.com\/nl\/\",\"name\":\"Mission Controls\",\"description\":\"Control Your Success\",\"potentialAction\":[{\"@type\":\"SearchAction\",\"target\":{\"@type\":\"EntryPoint\",\"urlTemplate\":\"https:\/\/missioncontrols.com\/nl\/?s={search_term_string}\"},\"query-input\":{\"@type\":\"PropertyValueSpecification\",\"valueRequired\":true,\"valueName\":\"search_term_string\"}}],\"inLanguage\":\"pl-PL\"}]}<\/script>\n<!-- \/ Yoast SEO plugin. -->","yoast_head_json":{"title":"Digistep\u2122 - Mission Controls","robots":{"index":"index","follow":"follow","max-snippet":"max-snippet:-1","max-image-preview":"max-image-preview:large","max-video-preview":"max-video-preview:-1"},"canonical":"https:\/\/missioncontrols.com\/pl\/product\/digistep\/","og_locale":"pl_PL","og_type":"article","og_title":"Digistep\u2122 - Mission Controls","og_description":"Bardziej p\u0142ynny i precyzyjny sterownik typu \u201ehybrydowego\u201d Sta\u0142y czujnik temperatury NTC 3 m Sta\u0142y czujnik Night-Pulse\u2122 LDR 3m Zintegrowany uchwyt \u015bcienny Kabel zasilaj\u0105cy o d\u0142ugo\u015bci 3 m Dwuletnia gwarancja Certyfikat CE","og_url":"https:\/\/missioncontrols.com\/pl\/product\/digistep\/","og_site_name":"Mission Controls","article_modified_time":"2020-02-27T11:44:46+00:00","og_image":[{"width":600,"height":600,"url":"https:\/\/missioncontrols.com\/wp-content\/uploads\/2019\/07\/06312-DigiStep-Temperature-Controller-600px-1.jpg","type":"image\/jpeg"}],"twitter_card":"summary_large_image","schema":{"@context":"https:\/\/schema.org","@graph":[{"@type":"WebPage","@id":"https:\/\/missioncontrols.com\/pl\/product\/digistep\/","url":"https:\/\/missioncontrols.com\/pl\/product\/digistep\/","name":"Digistep\u2122 - Mission Controls","isPartOf":{"@id":"https:\/\/missioncontrols.com\/nl\/#website"},"primaryImageOfPage":{"@id":"https:\/\/missioncontrols.com\/pl\/product\/digistep\/#primaryimage"},"image":{"@id":"https:\/\/missioncontrols.com\/pl\/product\/digistep\/#primaryimage"},"thumbnailUrl":"https:\/\/missioncontrols.com\/wp-content\/uploads\/2019\/07\/06312-DigiStep-Temperature-Controller-600px-1.jpg","datePublished":"2019-07-12T14:31:56+00:00","dateModified":"2020-02-27T11:44:46+00:00","breadcrumb":{"@id":"https:\/\/missioncontrols.com\/pl\/product\/digistep\/#breadcrumb"},"inLanguage":"pl-PL","potentialAction":[{"@type":"ReadAction","target":["https:\/\/missioncontrols.com\/pl\/product\/digistep\/"]}]},{"@type":"ImageObject","inLanguage":"pl-PL","@id":"https:\/\/missioncontrols.com\/pl\/product\/digistep\/#primaryimage","url":"https:\/\/missioncontrols.com\/wp-content\/uploads\/2019\/07\/06312-DigiStep-Temperature-Controller-600px-1.jpg","contentUrl":"https:\/\/missioncontrols.com\/wp-content\/uploads\/2019\/07\/06312-DigiStep-Temperature-Controller-600px-1.jpg","width":600,"height":600},{"@type":"BreadcrumbList","@id":"https:\/\/missioncontrols.com\/pl\/product\/digistep\/#breadcrumb","itemListElement":[{"@type":"ListItem","position":1,"name":"Home","item":"https:\/\/missioncontrols.com\/pl\/"},{"@type":"ListItem","position":2,"name":"Products","item":"https:\/\/missioncontrols.com\/products\/"},{"@type":"ListItem","position":3,"name":"Digistep\u2122"}]},{"@type":"WebSite","@id":"https:\/\/missioncontrols.com\/nl\/#website","url":"https:\/\/missioncontrols.com\/nl\/","name":"Mission Controls","description":"Control Your Success","potentialAction":[{"@type":"SearchAction","target":{"@type":"EntryPoint","urlTemplate":"https:\/\/missioncontrols.com\/nl\/?s={search_term_string}"},"query-input":{"@type":"PropertyValueSpecification","valueRequired":true,"valueName":"search_term_string"}}],"inLanguage":"pl-PL"}]}},"_links":{"self":[{"href":"https:\/\/missioncontrols.com\/pl\/wp-json\/wp\/v2\/product\/3383","targetHints":{"allow":["GET"]}}],"collection":[{"href":"https:\/\/missioncontrols.com\/pl\/wp-json\/wp\/v2\/product"}],"about":[{"href":"https:\/\/missioncontrols.com\/pl\/wp-json\/wp\/v2\/types\/product"}],"wp:featuredmedia":[{"embeddable":true,"href":"https:\/\/missioncontrols.com\/pl\/wp-json\/wp\/v2\/media\/7269"}],"wp:attachment":[{"href":"https:\/\/missioncontrols.com\/pl\/wp-json\/wp\/v2\/media?parent=3383"}],"wp:term":[{"taxonomy":"product_cat","embeddable":true,"href":"https:\/\/missioncontrols.com\/pl\/wp-json\/wp\/v2\/product_cat?post=3383"},{"taxonomy":"product_tag","embeddable":true,"href":"https:\/\/missioncontrols.com\/pl\/wp-json\/wp\/v2\/product_tag?post=3383"}],"curies":[{"name":"wp","href":"https:\/\/api.w.org\/{rel}","templated":true}]}}