{"id":3480,"date":"2020-01-17T16:07:29","date_gmt":"2020-01-17T16:07:29","guid":{"rendered":"http:\/\/missioncontrols.com\/rreth\/"},"modified":"2020-05-06T10:15:11","modified_gmt":"2020-05-06T10:15:11","slug":"rreth","status":"publish","type":"page","link":"https:\/\/missioncontrols.com\/sq\/rreth\/","title":{"rendered":"rreth"},"content":{"rendered":"<h1>\n\t<\/h1>\n\t<h3>KUSH JAN\u00cb MISSION CONTROLS\u00ae?<\/h3>\n<p>Mission Controls\u00ae ka mbi dy dekada p\u00ebrvoj\u00eb profesionale n\u00eb kontrollin e klim\u00ebs p\u00ebr hortikultur\u00ebn. Ne nd\u00ebrtojm\u00eb produkte q\u00eb u rezistojn\u00eb kushteve t\u00eb ashpra t\u00eb hortikultur\u00ebs n\u00eb ambiente t\u00eb brendshme dhe sistemet e proceset tona aplikohen n\u00eb mbar\u00eb bot\u00ebn. Pavar\u00ebsisht madh\u00ebsis\u00eb s\u00eb aktivitetit tuaj, Mission Controls\u00ae ka zgjidhjen e duhur p\u00ebr ju.<\/p>\n<h3>SI JEMI NE NDRYSHE?<\/h3>\n<p>Mission Controls\u00ae e kupton se n\u00eb nj\u00eb industri konkurruese dhe me zhvillim t\u00eb shpejt\u00eb, p\u00ebrdoruesit tan\u00eb kan\u00eb nevoj\u00eb p\u00ebr sistemet m\u00eb t\u00eb fundit dhe m\u00eb efikase t\u00eb kontrollit p\u00ebr t\u00eb arritur objektivat e tyre n\u00eb prodhim. P\u00ebr t\u00eb realizuar k\u00ebto sfida, ne i p\u00ebrfshijm\u00eb klient\u00ebt tan\u00eb n\u00eb ideim, dizajnim dhe testim p\u00ebr t\u2019u siguruar q\u00eb produktet tona plot\u00ebsojn\u00eb k\u00ebrkesat e p\u00ebrdoruesve tan\u00eb. P\u00ebr komente dhe sugjerime rreth ndonj\u00eb prej produkteve tona, ju lutem mos ngurroni t\u00eb na kontaktoni.<\/p>","protected":false},"excerpt":{"rendered":"<p>KUSH JAN\u00cb MISSION CONTROLS\u00ae? Mission Controls\u00ae ka mbi dy dekada p\u00ebrvoj\u00eb profesionale n\u00eb kontrollin e klim\u00ebs p\u00ebr hortikultur\u00ebn. Ne nd\u00ebrtojm\u00eb produkte q\u00eb u rezistojn\u00eb kushteve t\u00eb ashpra t\u00eb hortikultur\u00ebs n\u00eb ambiente t\u00eb brendshme dhe sistemet e proceset tona aplikohen n\u00eb mbar\u00eb bot\u00ebn. Pavar\u00ebsisht madh\u00ebsis\u00eb s\u00eb aktivitetit tuaj, Mission Controls\u00ae ka zgjidhjen e duhur p\u00ebr ju.&hellip;<\/p>\n","protected":false},"author":1,"featured_media":0,"parent":0,"menu_order":82,"comment_status":"closed","ping_status":"closed","template":"","meta":{"_acf_changed":false,"footnotes":""},"class_list":["post-3480","page","type-page","status-publish","hentry"],"acf":[],"yoast_head":"<!-- This site is optimized with the Yoast SEO plugin v26.4 - https:\/\/yoast.com\/wordpress\/plugins\/seo\/ -->\n<title>rreth - Mission Controls<\/title>\n<meta name=\"robots\" content=\"index, follow, max-snippet:-1, max-image-preview:large, max-video-preview:-1\" \/>\n<link rel=\"canonical\" href=\"https:\/\/missioncontrols.com\/sq\/rreth\/\" \/>\n<meta property=\"og:locale\" content=\"sq_AL\" \/>\n<meta property=\"og:type\" content=\"article\" \/>\n<meta property=\"og:title\" content=\"rreth - Mission Controls\" \/>\n<meta property=\"og:description\" content=\"KUSH JAN\u00cb MISSION CONTROLS\u00ae? Mission Controls\u00ae ka mbi dy dekada p\u00ebrvoj\u00eb profesionale n\u00eb kontrollin e klim\u00ebs p\u00ebr hortikultur\u00ebn. Ne nd\u00ebrtojm\u00eb produkte q\u00eb u rezistojn\u00eb kushteve t\u00eb ashpra t\u00eb hortikultur\u00ebs n\u00eb ambiente t\u00eb brendshme dhe sistemet e proceset tona aplikohen n\u00eb mbar\u00eb bot\u00ebn. Pavar\u00ebsisht madh\u00ebsis\u00eb s\u00eb aktivitetit tuaj, Mission Controls\u00ae ka zgjidhjen e duhur p\u00ebr ju.&hellip;\" \/>\n<meta property=\"og:url\" content=\"https:\/\/missioncontrols.com\/sq\/rreth\/\" \/>\n<meta property=\"og:site_name\" content=\"Mission Controls\" \/>\n<meta property=\"article:modified_time\" content=\"2020-05-06T10:15:11+00:00\" \/>\n<meta name=\"twitter:card\" content=\"summary_large_image\" \/>\n<meta name=\"twitter:label1\" content=\"Est. reading time\" \/>\n\t<meta name=\"twitter:data1\" content=\"1 minute\" \/>\n<script type=\"application\/ld+json\" class=\"yoast-schema-graph\">{\"@context\":\"https:\/\/schema.org\",\"@graph\":[{\"@type\":\"WebPage\",\"@id\":\"https:\/\/missioncontrols.com\/sq\/rreth\/\",\"url\":\"https:\/\/missioncontrols.com\/sq\/rreth\/\",\"name\":\"rreth - Mission Controls\",\"isPartOf\":{\"@id\":\"https:\/\/missioncontrols.com\/nl\/#website\"},\"datePublished\":\"2020-01-17T16:07:29+00:00\",\"dateModified\":\"2020-05-06T10:15:11+00:00\",\"breadcrumb\":{\"@id\":\"https:\/\/missioncontrols.com\/sq\/rreth\/#breadcrumb\"},\"inLanguage\":\"sq-AL\",\"potentialAction\":[{\"@type\":\"ReadAction\",\"target\":[\"https:\/\/missioncontrols.com\/sq\/rreth\/\"]}]},{\"@type\":\"BreadcrumbList\",\"@id\":\"https:\/\/missioncontrols.com\/sq\/rreth\/#breadcrumb\",\"itemListElement\":[{\"@type\":\"ListItem\",\"position\":1,\"name\":\"Home\",\"item\":\"https:\/\/missioncontrols.com\/sq\/\"},{\"@type\":\"ListItem\",\"position\":2,\"name\":\"rreth\"}]},{\"@type\":\"WebSite\",\"@id\":\"https:\/\/missioncontrols.com\/nl\/#website\",\"url\":\"https:\/\/missioncontrols.com\/nl\/\",\"name\":\"Mission Controls\",\"description\":\"Control Your Success\",\"potentialAction\":[{\"@type\":\"SearchAction\",\"target\":{\"@type\":\"EntryPoint\",\"urlTemplate\":\"https:\/\/missioncontrols.com\/nl\/?s={search_term_string}\"},\"query-input\":{\"@type\":\"PropertyValueSpecification\",\"valueRequired\":true,\"valueName\":\"search_term_string\"}}],\"inLanguage\":\"sq-AL\"}]}<\/script>\n<!-- \/ Yoast SEO plugin. -->","yoast_head_json":{"title":"rreth - Mission Controls","robots":{"index":"index","follow":"follow","max-snippet":"max-snippet:-1","max-image-preview":"max-image-preview:large","max-video-preview":"max-video-preview:-1"},"canonical":"https:\/\/missioncontrols.com\/sq\/rreth\/","og_locale":"sq_AL","og_type":"article","og_title":"rreth - Mission Controls","og_description":"KUSH JAN\u00cb MISSION CONTROLS\u00ae? Mission Controls\u00ae ka mbi dy dekada p\u00ebrvoj\u00eb profesionale n\u00eb kontrollin e klim\u00ebs p\u00ebr hortikultur\u00ebn. Ne nd\u00ebrtojm\u00eb produkte q\u00eb u rezistojn\u00eb kushteve t\u00eb ashpra t\u00eb hortikultur\u00ebs n\u00eb ambiente t\u00eb brendshme dhe sistemet e proceset tona aplikohen n\u00eb mbar\u00eb bot\u00ebn. Pavar\u00ebsisht madh\u00ebsis\u00eb s\u00eb aktivitetit tuaj, Mission Controls\u00ae ka zgjidhjen e duhur p\u00ebr ju.&hellip;","og_url":"https:\/\/missioncontrols.com\/sq\/rreth\/","og_site_name":"Mission Controls","article_modified_time":"2020-05-06T10:15:11+00:00","twitter_card":"summary_large_image","twitter_misc":{"Est. reading time":"1 minute"},"schema":{"@context":"https:\/\/schema.org","@graph":[{"@type":"WebPage","@id":"https:\/\/missioncontrols.com\/sq\/rreth\/","url":"https:\/\/missioncontrols.com\/sq\/rreth\/","name":"rreth - Mission Controls","isPartOf":{"@id":"https:\/\/missioncontrols.com\/nl\/#website"},"datePublished":"2020-01-17T16:07:29+00:00","dateModified":"2020-05-06T10:15:11+00:00","breadcrumb":{"@id":"https:\/\/missioncontrols.com\/sq\/rreth\/#breadcrumb"},"inLanguage":"sq-AL","potentialAction":[{"@type":"ReadAction","target":["https:\/\/missioncontrols.com\/sq\/rreth\/"]}]},{"@type":"BreadcrumbList","@id":"https:\/\/missioncontrols.com\/sq\/rreth\/#breadcrumb","itemListElement":[{"@type":"ListItem","position":1,"name":"Home","item":"https:\/\/missioncontrols.com\/sq\/"},{"@type":"ListItem","position":2,"name":"rreth"}]},{"@type":"WebSite","@id":"https:\/\/missioncontrols.com\/nl\/#website","url":"https:\/\/missioncontrols.com\/nl\/","name":"Mission Controls","description":"Control Your Success","potentialAction":[{"@type":"SearchAction","target":{"@type":"EntryPoint","urlTemplate":"https:\/\/missioncontrols.com\/nl\/?s={search_term_string}"},"query-input":{"@type":"PropertyValueSpecification","valueRequired":true,"valueName":"search_term_string"}}],"inLanguage":"sq-AL"}]}},"_links":{"self":[{"href":"https:\/\/missioncontrols.com\/sq\/wp-json\/wp\/v2\/pages\/3480","targetHints":{"allow":["GET"]}}],"collection":[{"href":"https:\/\/missioncontrols.com\/sq\/wp-json\/wp\/v2\/pages"}],"about":[{"href":"https:\/\/missioncontrols.com\/sq\/wp-json\/wp\/v2\/types\/page"}],"author":[{"embeddable":true,"href":"https:\/\/missioncontrols.com\/sq\/wp-json\/wp\/v2\/users\/1"}],"replies":[{"embeddable":true,"href":"https:\/\/missioncontrols.com\/sq\/wp-json\/wp\/v2\/comments?post=3480"}],"version-history":[{"count":2,"href":"https:\/\/missioncontrols.com\/sq\/wp-json\/wp\/v2\/pages\/3480\/revisions"}],"predecessor-version":[{"id":5758,"href":"https:\/\/missioncontrols.com\/sq\/wp-json\/wp\/v2\/pages\/3480\/revisions\/5758"}],"wp:attachment":[{"href":"https:\/\/missioncontrols.com\/sq\/wp-json\/wp\/v2\/media?parent=3480"}],"curies":[{"name":"wp","href":"https:\/\/api.w.org\/{rel}","templated":true}]}}