{"id":3484,"date":"2020-01-17T16:09:52","date_gmt":"2020-01-17T16:09:52","guid":{"rendered":"http:\/\/missioncontrols.com\/vecorite-e-produktit\/"},"modified":"2020-11-17T15:34:00","modified_gmt":"2020-11-17T15:34:00","slug":"vecorite-e-produktit","status":"publish","type":"page","link":"https:\/\/missioncontrols.com\/sq\/vecorite-e-produktit\/","title":{"rendered":"ve\u00e7orit\u00eb e produktit"},"content":{"rendered":"<h1>\n\t<\/h1>\n\t<h3>ve\u00e7orit\u00eb e produktit<\/h3>\n<p>Produktet Mission Controls\u00ae u p\u00ebrshtaten llojeve t\u00eb ndryshme t\u00eb konfigurimeve dhe k\u00ebrkesave t\u00eb ventilimit. Lexoni rreth avantazheve t\u00eb ve\u00e7orive tona dhe p\u00ebrdorni grafikun ton\u00eb t\u00eb krahasimit p\u00ebr t\u00eb gjetur kontrolluesin q\u00eb u p\u00ebrshtatet m\u00eb mir\u00eb nevojave tuaja.<\/p>\n\t<style>.embed-container { position: relative; padding-bottom: 56.25%; height: 0; overflow: hidden; max-width: 100%; } .embed-container iframe, .embed-container object, .embed-container embed { position: absolute; top: 0; left: 0; width: 100%; height: 100%; }<\/style>\n        \n\t\t\t\t<table>\n\t\t\t\t\t<thead>\n\t\t\t\t\t\t\t\t\t\t\t\t\t\t<tr>\n\t\t\t\t\t\t\t\t\t\t\t\t\t\t\t<th rowspan=\"\" colspan=\"\" >\n\t\t\t\t\t\t\t\t\t\t\t\t\t\t\t\t\t<label>\n\t\t\t\t\t\t\t\t\t\t<label> Models <\/label>\n\t\t\t\t\t\t\t\t\t<\/label>\n\t\t\t\t\t\t\t\t\t<i> <\/i>\n\t\t\t\t\t\t\t\t\t\t\t\t\t\t\t\t\t<\/th> \n\t\t\t\t\t\t\t\t\t\t\t\t\t\t<th rowspan=\"\" colspan=\"\" >\n\t\t\t\t\t\t\t\t\t\t\t\t\t\t\t\t\t\t\t<label>\n\t\t\t\t\t\t\t\t\t\t BasicFan\u2122 \n\t\t\t\t\t\t\t\t\t\t\t\t\t\t\t\t\t\t\t\t\t<\/label> \n\t\t\t\t\t\t\t\t\t\t\t\t\t\t\t\t\t<\/th> \n\t\t\t\t\t\t\t\t\t\t\t\t\t\t<th rowspan=\"\" colspan=\"\" >\n\t\t\t\t\t\t\t\t\t\t\t\t\t\t\t\t\t<label>\n\t\t\t\t\t\t\t\t\t\t<label> LogicFan\u2122 <\/label>\n\t\t\t\t\t\t\t\t\t<\/label>\n\t\t\t\t\t\t\t\t\t<i> <\/i>\n\t\t\t\t\t\t\t\t\t\t\t\t\t\t\t\t\t<\/th> \n\t\t\t\t\t\t\t\t\t\t\t\t\t\t<th rowspan=\"\" colspan=\"\" >\n\t\t\t\t\t\t\t\t\t\t\t\t\t\t\t\t\t<label>\n\t\t\t\t\t\t\t\t\t\t<label> TwinFan\u2122 <\/label>\n\t\t\t\t\t\t\t\t\t<\/label>\n\t\t\t\t\t\t\t\t\t<i> <\/i>\n\t\t\t\t\t\t\t\t\t\t\t\t\t\t\t\t\t<\/th> \n\t\t\t\t\t\t\t\t\t\t\t\t\t\t<th rowspan=\"\" colspan=\"\" >\n\t\t\t\t\t\t\t\t\t\t\t\t\t\t\t\t\t<label>\n\t\t\t\t\t\t\t\t\t\t<label> Digi-Step\u2122 <\/label>\n\t\t\t\t\t\t\t\t\t<\/label>\n\t\t\t\t\t\t\t\t\t<i> <\/i>\n\t\t\t\t\t\t\t\t\t\t\t\t\t\t\t\t\t<\/th> \n\t\t\t\t\t\t\t\t\t\t\t\t\t\t<th rowspan=\"\" colspan=\"\" >\n\t\t\t\t\t\t\t\t\t\t\t\t\t\t\t\t\t<label>\n\t\t\t\t\t\t\t\t\t\t<label> Super-Silent\u2122 <\/label>\n\t\t\t\t\t\t\t\t\t<\/label>\n\t\t\t\t\t\t\t\t\t<i> <\/i>\n\t\t\t\t\t\t\t\t\t\t\t\t\t\t\t\t\t<\/th> \n\t\t\t\t\t\t\t\t\t\t\t<\/thead>\n\t\t\t\t\t<tbody>\n\t\t\t\t\t\t\t\t\t\t\t\t\t\t\t<tr> \n\t\t\t\t\t\t\t\t\t\t\t\t\t\t\t\t\t\t\t\t<td colspan=\"\" rowspan=\"\"> \n\t\t\t\t\t\t\t\t\t\t\t\t\t\t\t Enviro-Sense\u2122 \n\t\t\t\t\t\t\t\t\t\t\t\t\t\t\t\t\t\t\t\t\t\t\t\t<\/td>\n\t\t\t\t\t\t\t\t\t\t\t\t\t\t\t\t<td colspan=\"\" rowspan=\"\"> \n\t\t\t\t\t\t\t\t\t\t\t\t\t\t\t\t\t\t\t\t\t\t\t NO \n\t\t\t\t\t\t\t\t\t\t\t\t\t\t\t\t\t\t\t\t\t\t\t<\/td>\n\t\t\t\t\t\t\t\t\t\t\t\t\t\t\t\t<td colspan=\"\" rowspan=\"\"> \n\t\t\t\t\t\t\t\t\t\t\t\t\t\t\t\t\t\t\t\t\t\t\t YES \n\t\t\t\t\t\t\t\t\t\t\t\t\t\t\t\t\t\t\t\t\t\t\t<\/td>\n\t\t\t\t\t\t\t\t\t\t\t\t\t\t\t\t<td colspan=\"\" rowspan=\"\"> \n\t\t\t\t\t\t\t\t\t\t\t\t\t\t\t\t\t\t\t\t\t\t\t YES \n\t\t\t\t\t\t\t\t\t\t\t\t\t\t\t\t\t\t\t\t\t\t\t<\/td>\n\t\t\t\t\t\t\t\t\t\t\t\t\t\t\t\t<td colspan=\"\" rowspan=\"\"> \n\t\t\t\t\t\t\t\t\t\t\t\t\t\t\t\t\t\t\t\t\t\t\t YES \n\t\t\t\t\t\t\t\t\t\t\t\t\t\t\t\t\t\t\t\t\t\t\t<\/td>\n\t\t\t\t\t\t\t\t\t\t\t\t\t\t\t\t<td colspan=\"\" rowspan=\"\"> \n\t\t\t\t\t\t\t\t\t\t\t\t\t\t\t\t\t\t\t\t\t\t\t YES \n\t\t\t\t\t\t\t\t\t\t\t\t\t\t\t\t\t\t\t\t\t\t\t<\/td>\n\t\t\t\t\t\t\t\t\t\t\t\t\t\t\t<tr> \n\t\t\t\t\t\t\t\t\t\t\t\t\t\t\t\t\t\t\t\t<td colspan=\"\" rowspan=\"\"> \n\t\t\t\t\t\t\t\t\t\t\t\t\t\t\t Fluid-Motion\u2122 \n\t\t\t\t\t\t\t\t\t\t\t\t\t\t\t\t\t\t\t\t\t\t\t\t<\/td>\n\t\t\t\t\t\t\t\t\t\t\t\t\t\t\t\t<td colspan=\"\" rowspan=\"\"> \n\t\t\t\t\t\t\t\t\t\t\t\t\t\t\t\t\t\t\t\t\t\t\t YES \n\t\t\t\t\t\t\t\t\t\t\t\t\t\t\t\t\t\t\t\t\t\t\t<\/td>\n\t\t\t\t\t\t\t\t\t\t\t\t\t\t\t\t<td colspan=\"\" rowspan=\"\"> \n\t\t\t\t\t\t\t\t\t\t\t\t\t\t\t\t\t\t\t\t\t\t\t YES \n\t\t\t\t\t\t\t\t\t\t\t\t\t\t\t\t\t\t\t\t\t\t\t<\/td>\n\t\t\t\t\t\t\t\t\t\t\t\t\t\t\t\t<td colspan=\"\" rowspan=\"\"> \n\t\t\t\t\t\t\t\t\t\t\t\t\t\t\t\t\t\t\t\t\t\t\t YES \n\t\t\t\t\t\t\t\t\t\t\t\t\t\t\t\t\t\t\t\t\t\t\t<\/td>\n\t\t\t\t\t\t\t\t\t\t\t\t\t\t\t\t<td colspan=\"\" rowspan=\"\"> \n\t\t\t\t\t\t\t\t\t\t\t\t\t\t\t\t\t\t\t\t\t\t\t NO \n\t\t\t\t\t\t\t\t\t\t\t\t\t\t\t\t\t\t\t\t\t\t\t<\/td>\n\t\t\t\t\t\t\t\t\t\t\t\t\t\t\t\t<td colspan=\"\" rowspan=\"\"> \n\t\t\t\t\t\t\t\t\t\t\t\t\t\t\t\t\t\t\t\t\t\t\t YES \n\t\t\t\t\t\t\t\t\t\t\t\t\t\t\t\t\t\t\t\t\t\t\t<\/td>\n\t\t\t\t\t\t\t\t\t\t\t\t\t\t\t<tr> \n\t\t\t\t\t\t\t\t\t\t\t\t\t\t\t\t\t\t\t\t<td colspan=\"\" rowspan=\"\"> \n\t\t\t\t\t\t\t\t\t\t\t\t\t\t\t Optimized-Flow\u2122 \n\t\t\t\t\t\t\t\t\t\t\t\t\t\t\t\t\t\t\t\t\t\t\t\t<\/td>\n\t\t\t\t\t\t\t\t\t\t\t\t\t\t\t\t<td colspan=\"\" rowspan=\"\"> \n\t\t\t\t\t\t\t\t\t\t\t\t\t\t\t\t\t\t\t\t\t\t\t NO \n\t\t\t\t\t\t\t\t\t\t\t\t\t\t\t\t\t\t\t\t\t\t\t<\/td>\n\t\t\t\t\t\t\t\t\t\t\t\t\t\t\t\t<td colspan=\"\" rowspan=\"\"> \n\t\t\t\t\t\t\t\t\t\t\t\t\t\t\t\t\t\t\t\t\t\t\t NO \n\t\t\t\t\t\t\t\t\t\t\t\t\t\t\t\t\t\t\t\t\t\t\t<\/td>\n\t\t\t\t\t\t\t\t\t\t\t\t\t\t\t\t<td colspan=\"\" rowspan=\"\"> \n\t\t\t\t\t\t\t\t\t\t\t\t\t\t\t\t\t\t\t\t\t\t\t YES \n\t\t\t\t\t\t\t\t\t\t\t\t\t\t\t\t\t\t\t\t\t\t\t<\/td>\n\t\t\t\t\t\t\t\t\t\t\t\t\t\t\t\t<td colspan=\"\" rowspan=\"\"> \n\t\t\t\t\t\t\t\t\t\t\t\t\t\t\t\t\t\t\t\t\t\t\t YES \n\t\t\t\t\t\t\t\t\t\t\t\t\t\t\t\t\t\t\t\t\t\t\t<\/td>\n\t\t\t\t\t\t\t\t\t\t\t\t\t\t\t\t<td colspan=\"\" rowspan=\"\"> \n\t\t\t\t\t\t\t\t\t\t\t\t\t\t\t\t\t\t\t\t\t\t\t YES \n\t\t\t\t\t\t\t\t\t\t\t\t\t\t\t\t\t\t\t\t\t\t\t<\/td>\n\t\t\t\t\t\t\t\t\t\t\t\t\t\t\t<tr> \n\t\t\t\t\t\t\t\t\t\t\t\t\t\t\t\t\t\t\t\t<td colspan=\"\" rowspan=\"\"> \n\t\t\t\t\t\t\t\t\t\t\t\t\t\t\t Negative-Pressure\u2122 \n\t\t\t\t\t\t\t\t\t\t\t\t\t\t\t\t\t\t\t\t\t\t\t\t<\/td>\n\t\t\t\t\t\t\t\t\t\t\t\t\t\t\t\t<td colspan=\"\" rowspan=\"\"> \n\t\t\t\t\t\t\t\t\t\t\t\t\t\t\t\t\t\t\t\t\t\t\t NO \n\t\t\t\t\t\t\t\t\t\t\t\t\t\t\t\t\t\t\t\t\t\t\t<\/td>\n\t\t\t\t\t\t\t\t\t\t\t\t\t\t\t\t<td colspan=\"\" rowspan=\"\"> \n\t\t\t\t\t\t\t\t\t\t\t\t\t\t\t\t\t\t\t\t\t\t\t NO \n\t\t\t\t\t\t\t\t\t\t\t\t\t\t\t\t\t\t\t\t\t\t\t<\/td>\n\t\t\t\t\t\t\t\t\t\t\t\t\t\t\t\t<td colspan=\"\" rowspan=\"\"> \n\t\t\t\t\t\t\t\t\t\t\t\t\t\t\t\t\t\t\t\t\t\t\t YES \n\t\t\t\t\t\t\t\t\t\t\t\t\t\t\t\t\t\t\t\t\t\t\t<\/td>\n\t\t\t\t\t\t\t\t\t\t\t\t\t\t\t\t<td colspan=\"\" rowspan=\"\"> \n\t\t\t\t\t\t\t\t\t\t\t\t\t\t\t\t\t\t\t\t\t\t\t NO \n\t\t\t\t\t\t\t\t\t\t\t\t\t\t\t\t\t\t\t\t\t\t\t<\/td>\n\t\t\t\t\t\t\t\t\t\t\t\t\t\t\t\t<td colspan=\"\" rowspan=\"\"> \n\t\t\t\t\t\t\t\t\t\t\t\t\t\t\t\t\t\t\t\t\t\t\t NO \n\t\t\t\t\t\t\t\t\t\t\t\t\t\t\t\t\t\t\t\t\t\t\t<\/td>\n\t\t\t\t\t\t\t\t\t\t\t\t\t\t\t<tr> \n\t\t\t\t\t\t\t\t\t\t\t\t\t\t\t\t\t\t\t\t<td colspan=\"\" rowspan=\"\"> \n\t\t\t\t\t\t\t\t\t\t\t\t\t\t\t Dynamic-Mode\u2122 \n\t\t\t\t\t\t\t\t\t\t\t\t\t\t\t\t\t\t\t\t\t\t\t\t<\/td>\n\t\t\t\t\t\t\t\t\t\t\t\t\t\t\t\t<td colspan=\"\" rowspan=\"\"> \n\t\t\t\t\t\t\t\t\t\t\t\t\t\t\t\t\t\t\t\t\t\t\t NO \n\t\t\t\t\t\t\t\t\t\t\t\t\t\t\t\t\t\t\t\t\t\t\t<\/td>\n\t\t\t\t\t\t\t\t\t\t\t\t\t\t\t\t<td colspan=\"\" rowspan=\"\"> \n\t\t\t\t\t\t\t\t\t\t\t\t\t\t\t\t\t\t\t\t\t\t\t NO \n\t\t\t\t\t\t\t\t\t\t\t\t\t\t\t\t\t\t\t\t\t\t\t<\/td>\n\t\t\t\t\t\t\t\t\t\t\t\t\t\t\t\t<td colspan=\"\" rowspan=\"\"> \n\t\t\t\t\t\t\t\t\t\t\t\t\t\t\t\t\t\t\t\t\t\t\t NO \n\t\t\t\t\t\t\t\t\t\t\t\t\t\t\t\t\t\t\t\t\t\t\t<\/td>\n\t\t\t\t\t\t\t\t\t\t\t\t\t\t\t\t<td colspan=\"\" rowspan=\"\"> \n\t\t\t\t\t\t\t\t\t\t\t\t\t\t\t\t\t\t\t\t\t\t\t YES \n\t\t\t\t\t\t\t\t\t\t\t\t\t\t\t\t\t\t\t\t\t\t\t<\/td>\n\t\t\t\t\t\t\t\t\t\t\t\t\t\t\t\t<td colspan=\"\" rowspan=\"\"> \n\t\t\t\t\t\t\t\t\t\t\t\t\t\t\t\t\t\t\t\t\t\t\t NO \n\t\t\t\t\t\t\t\t\t\t\t\t\t\t\t\t\t\t\t\t\t\t\t<\/td>\n\t\t\t\t\t\t\t\t\t\t\t\t\t\t\t<tr> \n\t\t\t\t\t\t\t\t\t\t\t\t\t\t\t\t\t\t\t\t<td colspan=\"\" rowspan=\"\"> \n\t\t\t\t\t\t\t\t\t\t\t\t\t\t\t Night-Pulse\u2122 \n\t\t\t\t\t\t\t\t\t\t\t\t\t\t\t\t\t\t\t\t\t\t\t\t<\/td>\n\t\t\t\t\t\t\t\t\t\t\t\t\t\t\t\t<td colspan=\"\" rowspan=\"\"> \n\t\t\t\t\t\t\t\t\t\t\t\t\t\t\t\t\t\t\t\t\t\t\t NO \n\t\t\t\t\t\t\t\t\t\t\t\t\t\t\t\t\t\t\t\t\t\t\t<\/td>\n\t\t\t\t\t\t\t\t\t\t\t\t\t\t\t\t<td colspan=\"\" rowspan=\"\"> \n\t\t\t\t\t\t\t\t\t\t\t\t\t\t\t\t\t\t\t\t\t\t\t NO \n\t\t\t\t\t\t\t\t\t\t\t\t\t\t\t\t\t\t\t\t\t\t\t<\/td>\n\t\t\t\t\t\t\t\t\t\t\t\t\t\t\t\t<td colspan=\"\" rowspan=\"\"> \n\t\t\t\t\t\t\t\t\t\t\t\t\t\t\t\t\t\t\t\t\t\t\t YES \n\t\t\t\t\t\t\t\t\t\t\t\t\t\t\t\t\t\t\t\t\t\t\t<\/td>\n\t\t\t\t\t\t\t\t\t\t\t\t\t\t\t\t<td colspan=\"\" rowspan=\"\"> \n\t\t\t\t\t\t\t\t\t\t\t\t\t\t\t\t\t\t\t\t\t\t\t YES \n\t\t\t\t\t\t\t\t\t\t\t\t\t\t\t\t\t\t\t\t\t\t\t<\/td>\n\t\t\t\t\t\t\t\t\t\t\t\t\t\t\t\t<td colspan=\"\" rowspan=\"\"> \n\t\t\t\t\t\t\t\t\t\t\t\t\t\t\t\t\t\t\t\t\t\t\t YES \n\t\t\t\t\t\t\t\t\t\t\t\t\t\t\t\t\t\t\t\t\t\t\t<\/td>\n\t\t\t\t\t\t\t\t\t\t\t\t\t\t\t<tr> \n\t\t\t\t\t\t\t\t\t\t\t\t\t\t\t\t\t\t\t\t<td colspan=\"\" rowspan=\"\"> \n\t\t\t\t\t\t\t\t\t\t\t\t\t\t\t Perfect-Sine\u2122 \n\t\t\t\t\t\t\t\t\t\t\t\t\t\t\t\t\t\t\t\t\t\t\t\t<\/td>\n\t\t\t\t\t\t\t\t\t\t\t\t\t\t\t\t<td colspan=\"\" rowspan=\"\"> \n\t\t\t\t\t\t\t\t\t\t\t\t\t\t\t\t\t\t\t\t\t\t\t NO \n\t\t\t\t\t\t\t\t\t\t\t\t\t\t\t\t\t\t\t\t\t\t\t<\/td>\n\t\t\t\t\t\t\t\t\t\t\t\t\t\t\t\t<td colspan=\"\" rowspan=\"\"> \n\t\t\t\t\t\t\t\t\t\t\t\t\t\t\t\t\t\t\t\t\t\t\t NO \n\t\t\t\t\t\t\t\t\t\t\t\t\t\t\t\t\t\t\t\t\t\t\t<\/td>\n\t\t\t\t\t\t\t\t\t\t\t\t\t\t\t\t<td colspan=\"\" rowspan=\"\"> \n\t\t\t\t\t\t\t\t\t\t\t\t\t\t\t\t\t\t\t\t\t\t\t NO \n\t\t\t\t\t\t\t\t\t\t\t\t\t\t\t\t\t\t\t\t\t\t\t<\/td>\n\t\t\t\t\t\t\t\t\t\t\t\t\t\t\t\t<td colspan=\"\" rowspan=\"\"> \n\t\t\t\t\t\t\t\t\t\t\t\t\t\t\t\t\t\t\t\t\t\t\t NO \n\t\t\t\t\t\t\t\t\t\t\t\t\t\t\t\t\t\t\t\t\t\t\t<\/td>\n\t\t\t\t\t\t\t\t\t\t\t\t\t\t\t\t<td colspan=\"\" rowspan=\"\"> \n\t\t\t\t\t\t\t\t\t\t\t\t\t\t\t\t\t\t\t\t\t\t\t YES \n\t\t\t\t\t\t\t\t\t\t\t\t\t\t\t\t\t\t\t\t\t\t\t<\/td>\n\t\t\t\t\t\t\t\t\t\t\t\t\t\t\t<tr> \n\t\t\t\t\t\t\t\t\t\t\t\t\t\t\t\t\t\t\t\t<td colspan=\"\" rowspan=\"\"> \n\t\t\t\t\t\t\t\t\t\t\t\t\t\t\t No-Humm\u2122 \n\t\t\t\t\t\t\t\t\t\t\t\t\t\t\t\t\t\t\t\t\t\t\t\t<\/td>\n\t\t\t\t\t\t\t\t\t\t\t\t\t\t\t\t<td colspan=\"\" rowspan=\"\"> \n\t\t\t\t\t\t\t\t\t\t\t\t\t\t\t\t\t\t\t\t\t\t\t NO \n\t\t\t\t\t\t\t\t\t\t\t\t\t\t\t\t\t\t\t\t\t\t\t<\/td>\n\t\t\t\t\t\t\t\t\t\t\t\t\t\t\t\t<td colspan=\"\" rowspan=\"\"> \n\t\t\t\t\t\t\t\t\t\t\t\t\t\t\t\t\t\t\t\t\t\t\t NO \n\t\t\t\t\t\t\t\t\t\t\t\t\t\t\t\t\t\t\t\t\t\t\t<\/td>\n\t\t\t\t\t\t\t\t\t\t\t\t\t\t\t\t<td colspan=\"\" rowspan=\"\"> \n\t\t\t\t\t\t\t\t\t\t\t\t\t\t\t\t\t\t\t\t\t\t\t NO \n\t\t\t\t\t\t\t\t\t\t\t\t\t\t\t\t\t\t\t\t\t\t\t<\/td>\n\t\t\t\t\t\t\t\t\t\t\t\t\t\t\t\t<td colspan=\"\" rowspan=\"\"> \n\t\t\t\t\t\t\t\t\t\t\t\t\t\t\t\t\t\t\t\t\t\t\t YES \n\t\t\t\t\t\t\t\t\t\t\t\t\t\t\t\t\t\t\t\t\t\t\t<\/td>\n\t\t\t\t\t\t\t\t\t\t\t\t\t\t\t\t<td colspan=\"\" rowspan=\"\"> \n\t\t\t\t\t\t\t\t\t\t\t\t\t\t\t\t\t\t\t\t\t\t\t YES \n\t\t\t\t\t\t\t\t\t\t\t\t\t\t\t\t\t\t\t\t\t\t\t<\/td>\n\t\t\t\t\t\t\t\t\t\t\t<\/tbody>\n\t\t\t\t<\/table>","protected":false},"excerpt":{"rendered":"<p>ve\u00e7orit\u00eb e produktit Produktet Mission Controls\u00ae u p\u00ebrshtaten llojeve t\u00eb ndryshme t\u00eb konfigurimeve dhe k\u00ebrkesave t\u00eb ventilimit. Lexoni rreth avantazheve t\u00eb ve\u00e7orive tona dhe p\u00ebrdorni grafikun ton\u00eb t\u00eb krahasimit p\u00ebr t\u00eb gjetur kontrolluesin q\u00eb u p\u00ebrshtatet m\u00eb mir\u00eb nevojave tuaja. Models BasicFan\u2122 LogicFan\u2122 TwinFan\u2122 Digi-Step\u2122 Super-Silent\u2122 Enviro-Sense\u2122 NO YES YES YES YES Fluid-Motion\u2122 YES YES&hellip;<\/p>\n","protected":false},"author":1,"featured_media":0,"parent":0,"menu_order":118,"comment_status":"closed","ping_status":"closed","template":"","meta":{"_acf_changed":false,"footnotes":""},"class_list":["post-3484","page","type-page","status-publish","hentry"],"acf":[],"yoast_head":"<!-- This site is optimized with the Yoast SEO plugin v26.4 - https:\/\/yoast.com\/wordpress\/plugins\/seo\/ -->\n<title>ve\u00e7orit\u00eb e produktit - Mission Controls<\/title>\n<meta name=\"robots\" content=\"index, follow, max-snippet:-1, max-image-preview:large, max-video-preview:-1\" \/>\n<link rel=\"canonical\" href=\"https:\/\/missioncontrols.com\/sq\/vecorite-e-produktit\/\" \/>\n<meta property=\"og:locale\" content=\"sq_AL\" \/>\n<meta property=\"og:type\" content=\"article\" \/>\n<meta property=\"og:title\" content=\"ve\u00e7orit\u00eb e produktit - Mission Controls\" \/>\n<meta property=\"og:description\" content=\"ve\u00e7orit\u00eb e produktit Produktet Mission Controls\u00ae u p\u00ebrshtaten llojeve t\u00eb ndryshme t\u00eb konfigurimeve dhe k\u00ebrkesave t\u00eb ventilimit. Lexoni rreth avantazheve t\u00eb ve\u00e7orive tona dhe p\u00ebrdorni grafikun ton\u00eb t\u00eb krahasimit p\u00ebr t\u00eb gjetur kontrolluesin q\u00eb u p\u00ebrshtatet m\u00eb mir\u00eb nevojave tuaja. Models BasicFan\u2122 LogicFan\u2122 TwinFan\u2122 Digi-Step\u2122 Super-Silent\u2122 Enviro-Sense\u2122 NO YES YES YES YES Fluid-Motion\u2122 YES YES&hellip;\" \/>\n<meta property=\"og:url\" content=\"https:\/\/missioncontrols.com\/sq\/vecorite-e-produktit\/\" \/>\n<meta property=\"og:site_name\" content=\"Mission Controls\" \/>\n<meta property=\"article:modified_time\" content=\"2020-11-17T15:34:00+00:00\" \/>\n<meta name=\"twitter:card\" content=\"summary_large_image\" \/>\n<meta name=\"twitter:label1\" content=\"Est. reading time\" \/>\n\t<meta name=\"twitter:data1\" content=\"1 minute\" \/>\n<script type=\"application\/ld+json\" class=\"yoast-schema-graph\">{\"@context\":\"https:\/\/schema.org\",\"@graph\":[{\"@type\":\"WebPage\",\"@id\":\"https:\/\/missioncontrols.com\/sq\/vecorite-e-produktit\/\",\"url\":\"https:\/\/missioncontrols.com\/sq\/vecorite-e-produktit\/\",\"name\":\"ve\u00e7orit\u00eb e produktit - Mission Controls\",\"isPartOf\":{\"@id\":\"https:\/\/missioncontrols.com\/nl\/#website\"},\"datePublished\":\"2020-01-17T16:09:52+00:00\",\"dateModified\":\"2020-11-17T15:34:00+00:00\",\"breadcrumb\":{\"@id\":\"https:\/\/missioncontrols.com\/sq\/vecorite-e-produktit\/#breadcrumb\"},\"inLanguage\":\"sq-AL\",\"potentialAction\":[{\"@type\":\"ReadAction\",\"target\":[\"https:\/\/missioncontrols.com\/sq\/vecorite-e-produktit\/\"]}]},{\"@type\":\"BreadcrumbList\",\"@id\":\"https:\/\/missioncontrols.com\/sq\/vecorite-e-produktit\/#breadcrumb\",\"itemListElement\":[{\"@type\":\"ListItem\",\"position\":1,\"name\":\"Home\",\"item\":\"https:\/\/missioncontrols.com\/sq\/\"},{\"@type\":\"ListItem\",\"position\":2,\"name\":\"ve\u00e7orit\u00eb e produktit\"}]},{\"@type\":\"WebSite\",\"@id\":\"https:\/\/missioncontrols.com\/nl\/#website\",\"url\":\"https:\/\/missioncontrols.com\/nl\/\",\"name\":\"Mission Controls\",\"description\":\"Control Your Success\",\"potentialAction\":[{\"@type\":\"SearchAction\",\"target\":{\"@type\":\"EntryPoint\",\"urlTemplate\":\"https:\/\/missioncontrols.com\/nl\/?s={search_term_string}\"},\"query-input\":{\"@type\":\"PropertyValueSpecification\",\"valueRequired\":true,\"valueName\":\"search_term_string\"}}],\"inLanguage\":\"sq-AL\"}]}<\/script>\n<!-- \/ Yoast SEO plugin. -->","yoast_head_json":{"title":"ve\u00e7orit\u00eb e produktit - Mission Controls","robots":{"index":"index","follow":"follow","max-snippet":"max-snippet:-1","max-image-preview":"max-image-preview:large","max-video-preview":"max-video-preview:-1"},"canonical":"https:\/\/missioncontrols.com\/sq\/vecorite-e-produktit\/","og_locale":"sq_AL","og_type":"article","og_title":"ve\u00e7orit\u00eb e produktit - Mission Controls","og_description":"ve\u00e7orit\u00eb e produktit Produktet Mission Controls\u00ae u p\u00ebrshtaten llojeve t\u00eb ndryshme t\u00eb konfigurimeve dhe k\u00ebrkesave t\u00eb ventilimit. Lexoni rreth avantazheve t\u00eb ve\u00e7orive tona dhe p\u00ebrdorni grafikun ton\u00eb t\u00eb krahasimit p\u00ebr t\u00eb gjetur kontrolluesin q\u00eb u p\u00ebrshtatet m\u00eb mir\u00eb nevojave tuaja. Models BasicFan\u2122 LogicFan\u2122 TwinFan\u2122 Digi-Step\u2122 Super-Silent\u2122 Enviro-Sense\u2122 NO YES YES YES YES Fluid-Motion\u2122 YES YES&hellip;","og_url":"https:\/\/missioncontrols.com\/sq\/vecorite-e-produktit\/","og_site_name":"Mission Controls","article_modified_time":"2020-11-17T15:34:00+00:00","twitter_card":"summary_large_image","twitter_misc":{"Est. reading time":"1 minute"},"schema":{"@context":"https:\/\/schema.org","@graph":[{"@type":"WebPage","@id":"https:\/\/missioncontrols.com\/sq\/vecorite-e-produktit\/","url":"https:\/\/missioncontrols.com\/sq\/vecorite-e-produktit\/","name":"ve\u00e7orit\u00eb e produktit - Mission Controls","isPartOf":{"@id":"https:\/\/missioncontrols.com\/nl\/#website"},"datePublished":"2020-01-17T16:09:52+00:00","dateModified":"2020-11-17T15:34:00+00:00","breadcrumb":{"@id":"https:\/\/missioncontrols.com\/sq\/vecorite-e-produktit\/#breadcrumb"},"inLanguage":"sq-AL","potentialAction":[{"@type":"ReadAction","target":["https:\/\/missioncontrols.com\/sq\/vecorite-e-produktit\/"]}]},{"@type":"BreadcrumbList","@id":"https:\/\/missioncontrols.com\/sq\/vecorite-e-produktit\/#breadcrumb","itemListElement":[{"@type":"ListItem","position":1,"name":"Home","item":"https:\/\/missioncontrols.com\/sq\/"},{"@type":"ListItem","position":2,"name":"ve\u00e7orit\u00eb e produktit"}]},{"@type":"WebSite","@id":"https:\/\/missioncontrols.com\/nl\/#website","url":"https:\/\/missioncontrols.com\/nl\/","name":"Mission Controls","description":"Control Your Success","potentialAction":[{"@type":"SearchAction","target":{"@type":"EntryPoint","urlTemplate":"https:\/\/missioncontrols.com\/nl\/?s={search_term_string}"},"query-input":{"@type":"PropertyValueSpecification","valueRequired":true,"valueName":"search_term_string"}}],"inLanguage":"sq-AL"}]}},"_links":{"self":[{"href":"https:\/\/missioncontrols.com\/sq\/wp-json\/wp\/v2\/pages\/3484","targetHints":{"allow":["GET"]}}],"collection":[{"href":"https:\/\/missioncontrols.com\/sq\/wp-json\/wp\/v2\/pages"}],"about":[{"href":"https:\/\/missioncontrols.com\/sq\/wp-json\/wp\/v2\/types\/page"}],"author":[{"embeddable":true,"href":"https:\/\/missioncontrols.com\/sq\/wp-json\/wp\/v2\/users\/1"}],"replies":[{"embeddable":true,"href":"https:\/\/missioncontrols.com\/sq\/wp-json\/wp\/v2\/comments?post=3484"}],"version-history":[{"count":5,"href":"https:\/\/missioncontrols.com\/sq\/wp-json\/wp\/v2\/pages\/3484\/revisions"}],"predecessor-version":[{"id":6703,"href":"https:\/\/missioncontrols.com\/sq\/wp-json\/wp\/v2\/pages\/3484\/revisions\/6703"}],"wp:attachment":[{"href":"https:\/\/missioncontrols.com\/sq\/wp-json\/wp\/v2\/media?parent=3484"}],"curies":[{"name":"wp","href":"https:\/\/api.w.org\/{rel}","templated":true}]}}